{"id":16,"date":"2015-03-23T09:26:36","date_gmt":"2015-03-23T15:26:36","guid":{"rendered":"http:\/\/www.minec.gob.sv\/comercioexterior\/chile\/?page_id=8"},"modified":"2019-05-31T10:07:08","modified_gmt":"2019-05-31T16:07:08","slug":"informacion-general","status":"publish","type":"page","link":"https:\/\/infotrade.economia.gob.sv\/republica-dominicana\/informacion-general\/","title":{"rendered":"Informaci\u00f3n General"},"content":{"rendered":"<h1>Tratado de Libre Comercio Centroam\u00e9rica \u2013 Rep\u00fablica Dominicana<\/h1>\n<p><a href=\"\/republica-dominicana\/wp-content\/uploads\/sites\/5\/2015\/03\/dr-lgflag.gif\"><img loading=\"lazy\" decoding=\"async\" class=\"img-responsive pull-right right alignnone wp-image-41\" src=\"\/republica-dominicana\/wp-content\/uploads\/sites\/5\/2015\/03\/dr-lgflag.gif\" alt=\"dr-lgflag\" width=\"200\" height=\"136\" \/><\/a><\/p>\n<p>La Rep\u00fablica Dominicana tiene la novena econom\u00eda m\u00e1s grande de Am\u00e9rica Latina y la segunda de Centroam\u00e9rica y el Caribe. Aunque conocida por la producci\u00f3n de az\u00facar, la econom\u00eda est\u00e1 ahora dominada por los servicios. El progreso econ\u00f3mico del pa\u00eds se ejemplifica con su sistema avanzado de telecomunicaciones.<\/p>\n<p>El Tratado de Libre Comercio, fue suscrito el 16 abril de 1998 entrando en vigor el 4 de octubre de 2001, convirti\u00e9ndose en el segundo TLC vigente en El Salvador.<\/p>\n<p>Durante la vigencia del TLC, las exportaciones han aumentado de US$ 12.4 millones en el 2001 a US$ 97.6 millones en el 2018 creciendo 686.8% de forma relativa y US$ 85.2 millones de forma absoluta en el per\u00edodo de vigencia.<\/p>\n<p>Entre los principales productos de exportaci\u00f3n se encuentran: bebidas de frutas, bolsas y preformas pl\u00e1sticas, papel higi\u00e9nico, l\u00e1minas de aluminio impresas, medicamentos, confiter\u00eda, art\u00edculos de cocina, entre otros.<\/p>\n<p>Con respecto a las importaciones se presenta un crecimiento relativo de 978.3% y absoluto de US$ 12.6 millones, iniciando en US$ 1.3 millones en el 2001 y alcanzando la cifra de US$ 13.8 millones en el a\u00f1o 2018.<\/p>\n<p>Entre los principales productos de importaci\u00f3n se encuentran: camisetas de algod\u00f3n, medicamentos, disyuntores, productos alimenticios, poli\u00e9steres y resinas, carne bovina deshuesada, entre otros.<\/p>\n<p>En 2004, se complet\u00f3 el programa de desgravaci\u00f3n arancelaria, por lo que actualmente, todos los productos gozan de libre comercio, excepto los excluidos, entre los que se encuentran: l\u00e1cteos, arroz, av\u00edcolas, harina de trigo, grasas y aceites.<\/p>\n<p>En 2018 Rep\u00fablica Dominicana se constituy\u00f3 en el octavo destino de las exportaciones salvadore\u00f1as acumulando el 1.7% del total de las mismas; asimismo, se ubic\u00f3 en la posici\u00f3n 46 como proveedor de insumos, materias primas y productos de El Salvador.<\/p>\n<p>Aun cuando la Rep\u00fablica Dominicana forma parte del CAFTA-RD, el acuerdo comercial bilateral se mantiene vigente y constituye una opci\u00f3n para exportar a dicho mercado, ya que ofrece algunas ventajas para los exportadores salvadore\u00f1os, particularmente relacionadas con las reglas de origen contenidas en dicho Instrumento<\/p>\n","protected":false},"excerpt":{"rendered":"<p>Tratado de Libre Comercio Centroam\u00e9rica \u2013 Rep\u00fablica Dominicana La Rep\u00fablica Dominicana tiene la novena econom\u00eda m\u00e1s grande de Am\u00e9rica Latina y la segunda de Centroam\u00e9rica y el Caribe. Aunque conocida por la producci\u00f3n de az\u00facar, la econom\u00eda est\u00e1 ahora dominada por los servicios. El progreso econ\u00f3mico del pa\u00eds se ejemplifica con su sistema avanzado de [&hellip;]<\/p>\n","protected":false},"author":6,"featured_media":0,"parent":0,"menu_order":0,"comment_status":"closed","ping_status":"open","template":"page-treaty","meta":{"footnotes":""},"class_list":["post-16","page","type-page","status-publish","hentry"],"_links":{"self":[{"href":"https:\/\/infotrade.economia.gob.sv\/republica-dominicana\/wp-json\/wp\/v2\/pages\/16","targetHints":{"allow":["GET"]}}],"collection":[{"href":"https:\/\/infotrade.economia.gob.sv\/republica-dominicana\/wp-json\/wp\/v2\/pages"}],"about":[{"href":"https:\/\/infotrade.economia.gob.sv\/republica-dominicana\/wp-json\/wp\/v2\/types\/page"}],"author":[{"embeddable":true,"href":"https:\/\/infotrade.economia.gob.sv\/republica-dominicana\/wp-json\/wp\/v2\/users\/6"}],"replies":[{"embeddable":true,"href":"https:\/\/infotrade.economia.gob.sv\/republica-dominicana\/wp-json\/wp\/v2\/comments?post=16"}],"version-history":[{"count":15,"href":"https:\/\/infotrade.economia.gob.sv\/republica-dominicana\/wp-json\/wp\/v2\/pages\/16\/revisions"}],"predecessor-version":[{"id":140,"href":"https:\/\/infotrade.economia.gob.sv\/republica-dominicana\/wp-json\/wp\/v2\/pages\/16\/revisions\/140"}],"wp:attachment":[{"href":"https:\/\/infotrade.economia.gob.sv\/republica-dominicana\/wp-json\/wp\/v2\/media?parent=16"}],"curies":[{"name":"wp","href":"https:\/\/api.w.org\/{rel}","templated":true}]}}