{"id":20,"date":"2015-03-23T09:27:09","date_gmt":"2015-03-23T15:27:09","guid":{"rendered":"http:\/\/www.minec.gob.sv\/comercioexterior\/chile\/?page_id=14"},"modified":"2017-12-04T08:20:38","modified_gmt":"2017-12-04T14:20:38","slug":"marco-normativo","status":"publish","type":"page","link":"https:\/\/infotrade.economia.gob.sv\/republica-dominicana\/","title":{"rendered":"Marco Normativo"},"content":{"rendered":"<p><strong>Fecha de suscripci\u00f3n: <\/strong>16 de Abril de 1998, en Santo Domingo, Rep\u00fablica Dominicana.<br \/>\n<strong> Fecha de ratificaci\u00f3n: <\/strong>Decreto Legislativo No. 590, de fecha 29 de Abril de 1999.<br \/>\n<strong> Fecha de publicaci\u00f3n: <\/strong>Diario Oficial No.98 Tomo No. 343 de fecha 27 de Mayo de 1999.<\/p>\n<p><strong>Primer Protocolo al Tratado de Libre Comercio entre Centroamerica y Rep\u00fablica Dominicana.<\/strong><br \/>\n<strong> Fecha de suscripci\u00f3n: <\/strong>29 de Noviembre de 1998, en Miami, Florida, Estados Unidos de Am\u00e9rica.<br \/>\n<strong> Fecha de ratificaci\u00f3n: <\/strong>Decreto Legislativo No. 590, de fecha 29 de Abril de 1999.<br \/>\n<strong> Fecha de publicaci\u00f3n: <\/strong>Diario Oficial No. 98 Tomo No. 343 de fecha 27 de Mayo de 1999<strong>.<\/strong><\/p>\n<p><strong>Segundo Protocolo al Tratado de Libre Comercio entre Centroam\u00e9rica y Rep\u00fablica Dominicana.<\/strong><br \/>\n<strong> Fecha de suscripci\u00f3n: <\/strong>3 de Marzo de 2000, Santo Domingo, Rep\u00fablica Dominicana.<br \/>\n<strong> Fecha de ratificaci\u00f3n:<\/strong> Decreto Legislativo No.22 de fecha 8 de Junio de 2000.<br \/>\n<strong> Fecha de publicaci\u00f3n: <\/strong>Diario Oficial No. 123, Tomo No. 348 de fecha 3 de Jul\u00f1io de 2000.<br \/>\n<strong> Fecha de vigencia: <\/strong>a partir del 4 de Octubre de 2001.<\/p>\n<ul>\n<li><strong><a href=\"\/republica-dominicana\/wp-content\/uploads\/sites\/5\/2016\/09\/marco_normativo_preambulo.pdf\" target=\"_blank\" rel=\"noopener\"><span style=\"color: #0000ff;\">Pre\u00e1mbulo.<\/span><br \/>\n<\/a><\/strong><\/li>\n<li><strong><a href=\"\/republica-dominicana\/wp-content\/uploads\/sites\/5\/2016\/09\/marco_normativo_cap01.pdf\" target=\"_blank\" rel=\"noopener\"><span style=\"color: #0000ff;\">Cap\u00edtulo 1: <\/span><\/a><\/strong><a href=\"\/republica-dominicana\/wp-content\/uploads\/sites\/5\/2016\/09\/marco_normativo_cap01.pdf\" target=\"_blank\" rel=\"noopener\"><span style=\"color: #0000ff;\">Disposiciones Iniciales.<\/span><\/a><strong><a href=\"\/republica-dominicana\/wp-content\/uploads\/sites\/5\/2016\/09\/marco_normativo_cap01.pdf\" target=\"_blank\" rel=\"noopener\"><br \/>\n<\/a><\/strong><\/li>\n<li><strong><a href=\"\/republica-dominicana\/wp-content\/uploads\/sites\/5\/2016\/09\/marco_normativo_cap02.pdf\" target=\"_blank\" rel=\"noopener\"><span style=\"color: #0000ff;\">Cap\u00edtulo 2: <\/span><\/a><\/strong><a href=\"\/republica-dominicana\/wp-content\/uploads\/sites\/5\/2016\/09\/marco_normativo_cap02.pdf\" target=\"_blank\" rel=\"noopener\"><span style=\"color: #0000ff;\">Definiciones Generales.<\/span><\/a><strong><a href=\"\/republica-dominicana\/wp-content\/uploads\/sites\/5\/2016\/09\/marco_normativo_cap02.pdf\" target=\"_blank\" rel=\"noopener\"><br \/>\n<\/a><\/strong><\/li>\n<li><strong><a href=\"\/republica-dominicana\/wp-content\/uploads\/sites\/5\/2016\/09\/marco_normativo_cap03.pdf\" target=\"_blank\" rel=\"noopener\"><span style=\"color: #0000ff;\">Cap\u00edtulo 3: <\/span><\/a><\/strong><a href=\"\/republica-dominicana\/wp-content\/uploads\/sites\/5\/2016\/09\/marco_normativo_cap03.pdf\" target=\"_blank\" rel=\"noopener\"><span style=\"color: #0000ff;\">Trato Nacional y Acceso de Bienes al Mercado.<\/span><\/a><strong><a href=\"\/republica-dominicana\/wp-content\/uploads\/sites\/5\/2016\/09\/marco_normativo_cap03.pdf\" target=\"_blank\" rel=\"noopener\"><br \/>\n<\/a><\/strong><\/li>\n<li><strong><a href=\"\/republica-dominicana\/wp-content\/uploads\/sites\/5\/2016\/09\/marco_normativo_cap04.pdf\" target=\"_blank\" rel=\"noopener\"><span style=\"color: #0000ff;\">Cap\u00edtulo 4: <\/span><\/a><\/strong><a href=\"\/republica-dominicana\/wp-content\/uploads\/sites\/5\/2016\/09\/marco_normativo_cap04.pdf\" target=\"_blank\" rel=\"noopener\"><span style=\"color: #0000ff;\">Reglas de Origen.<\/span><\/a><strong><a href=\"\/republica-dominicana\/wp-content\/uploads\/sites\/5\/2016\/09\/marco_normativo_cap04.pdf\" target=\"_blank\" rel=\"noopener\"><br \/>\n<\/a><\/strong><\/li>\n<li><strong><a href=\"\/republica-dominicana\/wp-content\/uploads\/sites\/5\/2016\/09\/marco_normativo_cap05.pdf\" target=\"_blank\" rel=\"noopener\"><span style=\"color: #0000ff;\">Cap\u00edtulo 5: <\/span><\/a><\/strong><a href=\"\/republica-dominicana\/wp-content\/uploads\/sites\/5\/2016\/09\/marco_normativo_cap05.pdf\" target=\"_blank\" rel=\"noopener\"><span style=\"color: #0000ff;\">Procedimientos Aduaneros.<\/span><\/a><strong><a href=\"\/republica-dominicana\/wp-content\/uploads\/sites\/5\/2016\/09\/marco_normativo_cap05.pdf\" target=\"_blank\" rel=\"noopener\"><br \/>\n<\/a><\/strong><\/li>\n<li><strong><a href=\"\/republica-dominicana\/wp-content\/uploads\/sites\/5\/2016\/09\/marco_normativo_cap06.pdf\" target=\"_blank\" rel=\"noopener\"><span style=\"color: #0000ff;\">Cap\u00edtulo 6: <\/span><\/a><\/strong><a href=\"\/republica-dominicana\/wp-content\/uploads\/sites\/5\/2016\/09\/marco_normativo_cap06.pdf\" target=\"_blank\" rel=\"noopener\"><span style=\"color: #0000ff;\">Medidas Sanitarias y Fitosanitarias.<\/span><\/a><strong><a href=\"\/republica-dominicana\/wp-content\/uploads\/sites\/5\/2016\/09\/marco_normativo_cap06.pdf\" target=\"_blank\" rel=\"noopener\"><br \/>\n<\/a><\/strong><\/li>\n<li><strong><a href=\"\/republica-dominicana\/wp-content\/uploads\/sites\/5\/2016\/09\/marco_normativo_cap07.pdf\" target=\"_blank\" rel=\"noopener\"><span style=\"color: #0000ff;\">Cap\u00edtulo 7: <\/span><\/a><\/strong><a href=\"\/republica-dominicana\/wp-content\/uploads\/sites\/5\/2016\/09\/marco_normativo_cap07.pdf\" target=\"_blank\" rel=\"noopener\"><span style=\"color: #0000ff;\">Pr\u00e1cticas Desleales del Comercio.<\/span><\/a><strong><a href=\"\/republica-dominicana\/wp-content\/uploads\/sites\/5\/2016\/09\/marco_normativo_cap07.pdf\" target=\"_blank\" rel=\"noopener\"><br \/>\n<\/a><\/strong><\/li>\n<li><strong><a href=\"\/republica-dominicana\/wp-content\/uploads\/sites\/5\/2016\/09\/marco_normativo_cap08.pdf\" target=\"_blank\" rel=\"noopener\"><span style=\"color: #0000ff;\">Cap\u00edtulo 8: <\/span><\/a><\/strong><a href=\"\/republica-dominicana\/wp-content\/uploads\/sites\/5\/2016\/09\/marco_normativo_cap08.pdf\" target=\"_blank\" rel=\"noopener\"><span style=\"color: #0000ff;\">Medidas de Salvaguardia.<\/span><\/a><strong><a href=\"\/republica-dominicana\/wp-content\/uploads\/sites\/5\/2016\/09\/marco_normativo_cap08.pdf\" target=\"_blank\" rel=\"noopener\"><br \/>\n<\/a><\/strong><\/li>\n<li><strong><a href=\"\/republica-dominicana\/wp-content\/uploads\/sites\/5\/2016\/09\/marco_normativo_cap09.pdf\" target=\"_blank\" rel=\"noopener\"><span style=\"color: #0000ff;\">Cap\u00edtulo 9: <\/span><\/a><\/strong><a href=\"\/republica-dominicana\/wp-content\/uploads\/sites\/5\/2016\/09\/marco_normativo_cap09.pdf\" target=\"_blank\" rel=\"noopener\"><span style=\"color: #0000ff;\">Inversi\u00f3n.<\/span><\/a><strong><a href=\"\/republica-dominicana\/wp-content\/uploads\/sites\/5\/2016\/09\/marco_normativo_cap09.pdf\" target=\"_blank\" rel=\"noopener\"><br \/>\n<\/a><\/strong><\/li>\n<li><strong><a href=\"\/republica-dominicana\/wp-content\/uploads\/sites\/5\/2016\/09\/marco_normativo_cap10.pdf\" target=\"_blank\" rel=\"noopener\"><span style=\"color: #0000ff;\">Cap\u00edtulo 10: <\/span><\/a><\/strong><a href=\"\/republica-dominicana\/wp-content\/uploads\/sites\/5\/2016\/09\/marco_normativo_cap10.pdf\" target=\"_blank\" rel=\"noopener\"><span style=\"color: #0000ff;\">Comercio de Servicios.<\/span><\/a><strong><a href=\"\/republica-dominicana\/wp-content\/uploads\/sites\/5\/2016\/09\/marco_normativo_cap10.pdf\" target=\"_blank\" rel=\"noopener\"><br \/>\n<\/a><\/strong><\/li>\n<li><strong><a href=\"\/republica-dominicana\/wp-content\/uploads\/sites\/5\/2016\/09\/marco_normativo_cap11.pdf\" target=\"_blank\" rel=\"noopener\"><span style=\"color: #0000ff;\">Cap\u00edtulo 11: <\/span><\/a><\/strong><a href=\"\/republica-dominicana\/wp-content\/uploads\/sites\/5\/2016\/09\/marco_normativo_cap11.pdf\" target=\"_blank\" rel=\"noopener\"><span style=\"color: #0000ff;\">Entrada Temporal de Personas de Negocios.<\/span><\/a><strong><a href=\"\/republica-dominicana\/wp-content\/uploads\/sites\/5\/2016\/09\/marco_normativo_cap11.pdf\" target=\"_blank\" rel=\"noopener\"><br \/>\n<\/a><\/strong><\/li>\n<li><strong><a href=\"\/republica-dominicana\/wp-content\/uploads\/sites\/5\/2016\/09\/marco_normativo_cap12.pdf\" target=\"_blank\" rel=\"noopener\"><span style=\"color: #0000ff;\">Cap\u00edtulo 12: <\/span><\/a><\/strong><a href=\"\/republica-dominicana\/wp-content\/uploads\/sites\/5\/2016\/09\/marco_normativo_cap12.pdf\" target=\"_blank\" rel=\"noopener\"><span style=\"color: #0000ff;\">Compras del Sector P\u00fablico.<\/span><\/a><strong><a href=\"\/republica-dominicana\/wp-content\/uploads\/sites\/5\/2016\/09\/marco_normativo_cap12.pdf\" target=\"_blank\" rel=\"noopener\"><br \/>\n<\/a><\/strong><\/li>\n<li><strong><a href=\"\/republica-dominicana\/wp-content\/uploads\/sites\/5\/2016\/09\/marco_normativo_cap13.pdf\" target=\"_blank\" rel=\"noopener\"><span style=\"color: #0000ff;\">Cap\u00edtulo 13: <\/span><\/a><\/strong><a href=\"\/republica-dominicana\/wp-content\/uploads\/sites\/5\/2016\/09\/marco_normativo_cap13.pdf\" target=\"_blank\" rel=\"noopener\"><span style=\"color: #0000ff;\">Obst\u00e1culos T\u00e9cnicos al Comercio.<\/span><\/a><strong><a href=\"\/republica-dominicana\/wp-content\/uploads\/sites\/5\/2016\/09\/marco_normativo_cap13.pdf\" target=\"_blank\" rel=\"noopener\"><br \/>\n<\/a><\/strong><\/li>\n<li><strong><a href=\"\/republica-dominicana\/wp-content\/uploads\/sites\/5\/2016\/09\/marco_normativo_cap14.pdf\" target=\"_blank\" rel=\"noopener\"><span style=\"color: #0000ff;\">Cap\u00edtulo 14: <\/span><\/a><\/strong><a href=\"\/republica-dominicana\/wp-content\/uploads\/sites\/5\/2016\/09\/marco_normativo_cap14.pdf\" target=\"_blank\" rel=\"noopener\"><span style=\"color: #0000ff;\">Propiedad Intelectual.<\/span><\/a><strong><a href=\"\/republica-dominicana\/wp-content\/uploads\/sites\/5\/2016\/09\/marco_normativo_cap14.pdf\" target=\"_blank\" rel=\"noopener\"><br \/>\n<\/a><\/strong><\/li>\n<li><strong><a href=\"\/republica-dominicana\/wp-content\/uploads\/sites\/5\/2016\/09\/marco_normativo_cap15.pdf\" target=\"_blank\" rel=\"noopener\"><span style=\"color: #0000ff;\">Cap\u00edtulo 15: <\/span><\/a><\/strong><a href=\"\/republica-dominicana\/wp-content\/uploads\/sites\/5\/2016\/09\/marco_normativo_cap15.pdf\" target=\"_blank\" rel=\"noopener\"><span style=\"color: #0000ff;\">Pol\u00edtica de Competencia.<\/span><\/a><strong><a href=\"\/republica-dominicana\/wp-content\/uploads\/sites\/5\/2016\/09\/marco_normativo_cap15.pdf\" target=\"_blank\" rel=\"noopener\"><br \/>\n<\/a><\/strong><\/li>\n<li><strong><a href=\"\/republica-dominicana\/wp-content\/uploads\/sites\/5\/2016\/09\/marco_normativo_cap16.pdf\" target=\"_blank\" rel=\"noopener\"><span style=\"color: #0000ff;\">Cap\u00edtulo 16: <\/span><\/a><\/strong><a href=\"\/republica-dominicana\/wp-content\/uploads\/sites\/5\/2016\/09\/marco_normativo_cap16.pdf\" target=\"_blank\" rel=\"noopener\"><span style=\"color: #0000ff;\">Soluci\u00f3n de Controversias.<\/span><\/a><strong><a href=\"\/republica-dominicana\/wp-content\/uploads\/sites\/5\/2016\/09\/marco_normativo_cap16.pdf\" target=\"_blank\" rel=\"noopener\"><br \/>\n<\/a><\/strong><\/li>\n<li><strong><a href=\"\/republica-dominicana\/wp-content\/uploads\/sites\/5\/2016\/09\/marco_normativo_cap17.pdf\" target=\"_blank\" rel=\"noopener\"><span style=\"color: #0000ff;\">Cap\u00edtulo 17: <\/span><\/a><\/strong><a href=\"\/republica-dominicana\/wp-content\/uploads\/sites\/5\/2016\/09\/marco_normativo_cap17.pdf\" target=\"_blank\" rel=\"noopener\"><span style=\"color: #0000ff;\">Excepciones.<\/span><\/a><strong><a href=\"\/republica-dominicana\/wp-content\/uploads\/sites\/5\/2016\/09\/marco_normativo_cap17.pdf\" target=\"_blank\" rel=\"noopener\"><br \/>\n<\/a><\/strong><\/li>\n<li><strong><a href=\"\/republica-dominicana\/wp-content\/uploads\/sites\/5\/2016\/09\/marco_normativo_cap18.pdf\" target=\"_blank\" rel=\"noopener\"><span style=\"color: #0000ff;\">Cap\u00edtulo 18: <\/span><\/a><\/strong><a href=\"\/republica-dominicana\/wp-content\/uploads\/sites\/5\/2016\/09\/marco_normativo_cap18.pdf\" target=\"_blank\" rel=\"noopener\"><span style=\"color: #0000ff;\">Administraci\u00f3n del Tratado.<\/span><\/a><strong><a href=\"\/republica-dominicana\/wp-content\/uploads\/sites\/5\/2016\/09\/marco_normativo_cap18.pdf\" target=\"_blank\" rel=\"noopener\"><br \/>\n<\/a><\/strong><\/li>\n<li><strong><a href=\"\/republica-dominicana\/wp-content\/uploads\/sites\/5\/2016\/09\/marco_normativo_cap19.pdf\" target=\"_blank\" rel=\"noopener\"><span style=\"color: #0000ff;\">Cap\u00edtulo 19: <\/span><\/a><\/strong><a href=\"\/republica-dominicana\/wp-content\/uploads\/sites\/5\/2016\/09\/marco_normativo_cap19.pdf\" target=\"_blank\" rel=\"noopener\"><span style=\"color: #0000ff;\">Transparencia.<\/span><\/a><strong><a href=\"\/republica-dominicana\/wp-content\/uploads\/sites\/5\/2016\/09\/marco_normativo_cap19.pdf\" target=\"_blank\" rel=\"noopener\"><br \/>\n<\/a><\/strong><\/li>\n<li><strong><a href=\"\/republica-dominicana\/wp-content\/uploads\/sites\/5\/2016\/09\/marco_normativo_cap20.pdf\" target=\"_blank\" rel=\"noopener\"><span style=\"color: #0000ff;\">Cap\u00edtulo 20: <\/span><\/a><\/strong><a href=\"\/republica-dominicana\/wp-content\/uploads\/sites\/5\/2016\/09\/marco_normativo_cap20.pdf\" target=\"_blank\" rel=\"noopener\"><span style=\"color: #0000ff;\">Disposiciones Finales.<\/span><\/a><\/li>\n<\/ul>\n<p><strong><a href=\"http:\/\/infotrade.economia.gob.sv\/wp-content\/uploads\/primerprotocolo.pdf\" target=\"_blank\" rel=\"noopener\"><span style=\"color: #0000ff;\">Primer Protocolo<\/span><\/a><\/strong><br \/>\n<a href=\"http:\/\/infotrade.economia.gob.sv\/wp-content\/uploads\/segundoprotocolo.pdf\" target=\"_blank\" rel=\"noopener\"><strong><span style=\"color: #0000ff;\">Segundo Protocolo<\/span><\/strong><\/a><\/p>\n","protected":false},"excerpt":{"rendered":"<p>Fecha de suscripci\u00f3n: 16 de Abril de 1998, en Santo Domingo, Rep\u00fablica Dominicana. Fecha de ratificaci\u00f3n: Decreto Legislativo No. 590, de fecha 29 de Abril de 1999. Fecha de publicaci\u00f3n: Diario Oficial No.98 Tomo No. 343 de fecha 27 de Mayo de 1999. Primer Protocolo al Tratado de Libre Comercio entre Centroamerica y Rep\u00fablica Dominicana. [&hellip;]<\/p>\n","protected":false},"author":6,"featured_media":0,"parent":0,"menu_order":0,"comment_status":"closed","ping_status":"open","template":"page-treaty","meta":{"footnotes":""},"class_list":["post-20","page","type-page","status-publish","hentry"],"_links":{"self":[{"href":"https:\/\/infotrade.economia.gob.sv\/republica-dominicana\/wp-json\/wp\/v2\/pages\/20","targetHints":{"allow":["GET"]}}],"collection":[{"href":"https:\/\/infotrade.economia.gob.sv\/republica-dominicana\/wp-json\/wp\/v2\/pages"}],"about":[{"href":"https:\/\/infotrade.economia.gob.sv\/republica-dominicana\/wp-json\/wp\/v2\/types\/page"}],"author":[{"embeddable":true,"href":"https:\/\/infotrade.economia.gob.sv\/republica-dominicana\/wp-json\/wp\/v2\/users\/6"}],"replies":[{"embeddable":true,"href":"https:\/\/infotrade.economia.gob.sv\/republica-dominicana\/wp-json\/wp\/v2\/comments?post=20"}],"version-history":[{"count":9,"href":"https:\/\/infotrade.economia.gob.sv\/republica-dominicana\/wp-json\/wp\/v2\/pages\/20\/revisions"}],"predecessor-version":[{"id":111,"href":"https:\/\/infotrade.economia.gob.sv\/republica-dominicana\/wp-json\/wp\/v2\/pages\/20\/revisions\/111"}],"wp:attachment":[{"href":"https:\/\/infotrade.economia.gob.sv\/republica-dominicana\/wp-json\/wp\/v2\/media?parent=20"}],"curies":[{"name":"wp","href":"https:\/\/api.w.org\/{rel}","templated":true}]}}