{"id":83,"date":"2017-01-19T14:42:51","date_gmt":"2017-01-19T20:42:51","guid":{"rendered":"http:\/\/comext.minec.gob.sv\/republica-dominicana\/?page_id=83"},"modified":"2023-08-22T11:18:39","modified_gmt":"2023-08-22T17:18:39","slug":"decisiones","status":"publish","type":"page","link":"https:\/\/infotrade.economia.gob.sv\/republica-dominicana\/decisiones\/","title":{"rendered":"Decisiones"},"content":{"rendered":"<div class=\"table-responsive\">\n<table class=\"table table-bordered table-striped table-hover\" style=\"height: 1030px;\" width=\"592\">\n<tbody>\n<tr>\n<td width=\"201\"><strong>Decisiones<\/strong><\/td>\n<\/tr>\n<tr>\n<td width=\"201\"><a href=\"\/republica-dominicana\/wp-content\/uploads\/sites\/5\/2018\/02\/01-Conformaci\u00f3n-del-CCAdministraci\u00f3n.pdf\" target=\"_blank\" rel=\"noopener\">Decisi\u00f3n No 1. Conformaci\u00f3n del Consejo Conjunto de Administraci\u00f3n<\/a><\/td>\n<\/tr>\n<tr>\n<td width=\"201\"><a href=\"\/republica-dominicana\/wp-content\/uploads\/sites\/5\/2018\/02\/02-Conformaci\u00f3n-Comit\u00e9s_s.pdf\" target=\"_blank\" rel=\"noopener\">Decisi\u00f3n No 2. Conformaci\u00f3n de los Comit\u00e9s<\/a><\/td>\n<\/tr>\n<tr>\n<td width=\"201\"><a href=\"\/republica-dominicana\/wp-content\/uploads\/sites\/5\/2018\/02\/03-Conformaci\u00f3n-de-las-Secciones-Nacionales-del-Secretariado.pdf\" target=\"_blank\" rel=\"noopener\">Decisi\u00f3n No 3.Conformaci\u00f3n de las Secciones Nacionales del Secretariado<\/a><\/td>\n<\/tr>\n<tr>\n<td width=\"201\"><a href=\"\/republica-dominicana\/wp-content\/uploads\/sites\/5\/2018\/02\/04-Conformaci\u00f3n-Comit\u00e9-Consultivo.pdf\" target=\"_blank\" rel=\"noopener\">Decisi\u00f3n No 4. Conformaci\u00f3n del Comit\u00e9 Consultivo de Controversias Comerciales Privadas<\/a><\/td>\n<\/tr>\n<tr>\n<td width=\"201\"><a href=\"\/republica-dominicana\/wp-content\/uploads\/sites\/5\/2018\/02\/05-Confirmaci\u00f3n-de-los-calendarios-de-desgravaci\u00f3n.pdf\" target=\"_blank\" rel=\"noopener\">Decisi\u00f3n No 5. Confirmaci\u00f3n de los calendarios de desgravaci\u00f3n arancelaria<\/a><\/td>\n<\/tr>\n<tr>\n<td width=\"201\"><a href=\"http:\/\/infotrade.economia.gob.sv\/republica-dominicana\/wp-content\/uploads\/sites\/5\/2023\/08\/Decision-No.-6-2006-Confirmacion-del-Certificado-de-Origen.pdf\" target=\"_blank\" rel=\"noopener\">Decisi\u00f3n No 6. Confirmaci\u00f3n del Certificado de Origen<\/a><\/td>\n<\/tr>\n<tr>\n<td width=\"201\"><a href=\"\/republica-dominicana\/wp-content\/uploads\/sites\/5\/2018\/02\/07-celebrar-reuni\u00f3nes-bilaterales.pdf\" target=\"_blank\" rel=\"noopener\">Decisi\u00f3n No 7. Autoriza a los Estados Parte a celebrar reuniones bilaterales<\/a><\/td>\n<\/tr>\n<tr>\n<td width=\"201\"><a href=\"\/republica-dominicana\/wp-content\/uploads\/sites\/5\/2018\/02\/08-Reconocimiento-Mutuo-de-Registros-de-Medicamentos.pdf\" target=\"_blank\" rel=\"noopener\">Decisi\u00f3n No 8. Decisi\u00f3n relativa al Reconocimiento Mutuo de Registros de Medicamentos<\/a><\/td>\n<\/tr>\n<tr>\n<td width=\"201\"><a href=\"\/republica-dominicana\/wp-content\/uploads\/sites\/5\/2018\/02\/09-Aprobaci\u00f3n-de-las-Reglas-y-Procedimientos.pdf\" target=\"_blank\" rel=\"noopener\">Decisi\u00f3n No 9. Aprobaci\u00f3n de las Reglas y Procedimientos del Consejo Conjunto de Administraci\u00f3n del Tratado de Libre Comercio<\/a><\/td>\n<\/tr>\n<tr>\n<td width=\"201\"><a href=\"\/republica-dominicana\/wp-content\/uploads\/sites\/5\/2018\/02\/09-Anexo-Reglas-y-Procedimientos.pdf\" target=\"_blank\" rel=\"noopener\">Anexo a la Decisi\u00f3n No 9<\/a><\/td>\n<\/tr>\n<tr>\n<td width=\"201\"><a href=\"\/republica-dominicana\/wp-content\/uploads\/sites\/5\/2018\/02\/10-Aprobaci\u00f3n-del-C\u00f3digo-de-Conducta-y-las-Reglas-Modelo-SC.pdf\" target=\"_blank\" rel=\"noopener\">Decisi\u00f3n No 10. Aprobaci\u00f3n del C\u00f3digo de Conducta y las Reglas de Procedimiento sobre Soluci\u00f3n de Controversias<\/a><\/td>\n<\/tr>\n<tr>\n<td width=\"201\"><a href=\"\/republica-dominicana\/wp-content\/uploads\/sites\/5\/2018\/02\/10-Anexo-C\u00f3digo-de-Conducta-y-las-Reglas-Modelo.pdf\" target=\"_blank\" rel=\"noopener\">Anexo a la Decisi\u00f3n No 10<\/a><\/td>\n<\/tr>\n<tr>\n<td width=\"201\"><a href=\"\/republica-dominicana\/wp-content\/uploads\/sites\/5\/2018\/02\/11-Plan-de-Cooperaci\u00f3n-t\u00e9cnica-patentes.pdf\" target=\"_blank\" rel=\"noopener\">Decisi\u00f3n No 11. Estudio y dise\u00f1o de un plan de cooperaci\u00f3n t\u00e9cnica en materia de patentes<\/a><\/td>\n<\/tr>\n<tr>\n<td width=\"201\"><a href=\"http:\/\/infotrade.economia.gob.sv\/republica-dominicana\/wp-content\/uploads\/sites\/5\/2023\/08\/Decision-No.-13-2004-Reconocimiento-Mutuo-de-Registros-de-Medicamentos-Honduras-Republica-Dominicana-1.pdf\" target=\"_blank\" rel=\"noopener\">Decisi\u00f3n No 13 Reconocimiento Mutuo de Registros de Medicamentos Honduras-Rep\u00fablica Dominicana\u00a0<\/a><\/td>\n<\/tr>\n<tr>\n<td width=\"201\"><a href=\"http:\/\/infotrade.economia.gob.sv\/republica-dominicana\/wp-content\/uploads\/sites\/5\/2023\/08\/Decision-No.-14-2010-Adecuacion-de-las-reglas-de-origen-III-Enmienda-del-SA.pdf\" target=\"_blank\" rel=\"noopener\">Decisi\u00f3n No 14. Estudio y dise\u00f1o de un plan de cooperaci\u00f3n t\u00e9cnica en materia de patentes<\/a><\/td>\n<\/tr>\n<tr>\n<td width=\"201\"><a href=\"http:\/\/infotrade.economia.gob.sv\/republica-dominicana\/wp-content\/uploads\/sites\/5\/2023\/08\/Decision-No.-15-2010-Arbitros-nacionales-y-no-nacionales-del-Capitulo-XVI-Solucion-de-Controversias.pdf\" target=\"_blank\" rel=\"noopener\">Decisi\u00f3n No 15. Lista de \u00e1rbitros nacionales y no nacionales del Cap. XVI Soluci\u00f3n de Controversias<\/a><\/td>\n<\/tr>\n<tr>\n<td width=\"201\"><a href=\"http:\/\/infotrade.economia.gob.sv\/republica-dominicana\/wp-content\/uploads\/sites\/5\/2023\/08\/Decision-No.-16-2010-Reglas-de-origen-para-capitulos-52-61-62-y-63-1.pdf\" target=\"_blank\" rel=\"noopener\">Decisi\u00f3n No 16. Estudio y dise\u00f1o de un plan de cooperaci\u00f3n t\u00e9cnica en materia de patentes<\/a><\/td>\n<\/tr>\n<\/tbody>\n<\/table>\n<\/div>\n\n\n<p><\/p>\n","protected":false},"excerpt":{"rendered":"<p>Decisiones Decisi\u00f3n No 1. Conformaci\u00f3n del Consejo Conjunto de Administraci\u00f3n Decisi\u00f3n No 2. Conformaci\u00f3n de los Comit\u00e9s Decisi\u00f3n No 3.Conformaci\u00f3n de las Secciones Nacionales del Secretariado Decisi\u00f3n No 4. Conformaci\u00f3n del Comit\u00e9 Consultivo de Controversias Comerciales Privadas Decisi\u00f3n No 5. Confirmaci\u00f3n de los calendarios de desgravaci\u00f3n arancelaria Decisi\u00f3n No 6. Confirmaci\u00f3n del Certificado de Origen [&hellip;]<\/p>\n","protected":false},"author":14,"featured_media":0,"parent":0,"menu_order":0,"comment_status":"closed","ping_status":"closed","template":"page-treaty","meta":{"footnotes":""},"class_list":["post-83","page","type-page","status-publish","hentry"],"_links":{"self":[{"href":"https:\/\/infotrade.economia.gob.sv\/republica-dominicana\/wp-json\/wp\/v2\/pages\/83","targetHints":{"allow":["GET"]}}],"collection":[{"href":"https:\/\/infotrade.economia.gob.sv\/republica-dominicana\/wp-json\/wp\/v2\/pages"}],"about":[{"href":"https:\/\/infotrade.economia.gob.sv\/republica-dominicana\/wp-json\/wp\/v2\/types\/page"}],"author":[{"embeddable":true,"href":"https:\/\/infotrade.economia.gob.sv\/republica-dominicana\/wp-json\/wp\/v2\/users\/14"}],"replies":[{"embeddable":true,"href":"https:\/\/infotrade.economia.gob.sv\/republica-dominicana\/wp-json\/wp\/v2\/comments?post=83"}],"version-history":[{"count":13,"href":"https:\/\/infotrade.economia.gob.sv\/republica-dominicana\/wp-json\/wp\/v2\/pages\/83\/revisions"}],"predecessor-version":[{"id":212,"href":"https:\/\/infotrade.economia.gob.sv\/republica-dominicana\/wp-json\/wp\/v2\/pages\/83\/revisions\/212"}],"wp:attachment":[{"href":"https:\/\/infotrade.economia.gob.sv\/republica-dominicana\/wp-json\/wp\/v2\/media?parent=83"}],"curies":[{"name":"wp","href":"https:\/\/api.w.org\/{rel}","templated":true}]}}