{"id":88,"date":"2017-01-19T14:51:09","date_gmt":"2017-01-19T20:51:09","guid":{"rendered":"http:\/\/comext.minec.gob.sv\/republica-dominicana\/?page_id=88"},"modified":"2024-01-03T16:57:33","modified_gmt":"2024-01-03T22:57:33","slug":"programa-de-desgravacion-arancelaria","status":"publish","type":"page","link":"https:\/\/infotrade.economia.gob.sv\/republica-dominicana\/administracion-del-acuerdo\/programa-de-desgravacion-arancelaria\/","title":{"rendered":"Programa de Desgravaci\u00f3n Arancelaria"},"content":{"rendered":"<p>Esta secci\u00f3n contiene el Programa de Desgravaci\u00f3n Arancelaria (PDA) del Tratado de Libre Comercio entre Centroam\u00e9rica-Rep\u00fablica Dominicana, aplicado por El Salvador durante el a\u00f1o 2021 y 2022.<\/p>\n<p>En caso tenga consultas sobre el PDA, puede ponerse en contacto con la oficina responsable:<\/p>\n<p>DIRECCI\u00d3N DE ADMINISTRACI\u00d3N DE TRATADOS COMERCIALES Direcci\u00f3n: Alameda Juan Pablo II y Calle Guadalupe Edificio C1-C2, Centro de Gobierno, San Salvador, El Salvador. Tel\u00e9fonos: (+503) 2590-5788 y (+503) 2590-5790 Email: <a href=\"mailto:datco@minec.gob.sv\">datco@minec.gob.sv<\/a><\/p>\n<p>Para descargar el Programa de Desgravaci\u00f3n Arancelaria para la Rep\u00fablica Dominicana, haga click sobre \u201c<strong>Descargar<\/strong>\u201d<\/p>\n<h3><a href=\"http:\/\/infotrade.economia.gob.sv\/republica-dominicana\/wp-content\/uploads\/sites\/5\/2021\/02\/PDA-2021-TLC-REP-DOMINICANA.pdf\" target=\"_blank\" rel=\"noopener\">Descargar PDA 2021<\/a><\/h3>\n<h3><a href=\"\/republica-dominicana\/wp-content\/uploads\/sites\/5\/2022\/06\/PDA-Republica-Dominicana-2022.pdf\" target=\"_blank\" rel=\"noopener\">Descargar PDA 2022<\/a><\/h3>\n<h3><a href=\"http:\/\/infotrade.economia.gob.sv\/republica-dominicana\/wp-content\/uploads\/sites\/5\/2023\/01\/PDA-Republica-Dominicana-2023-2.pdf\" target=\"_blank\" rel=\"noopener\">Descargar PDA 2023<\/a><\/h3>\n<h3><a href=\"http:\/\/infotrade.economia.gob.sv\/republica-dominicana\/wp-content\/uploads\/sites\/5\/2024\/01\/PDA-Republica-Dominicana-2024.pdf\">Descargar PDA 2024<\/a><\/h3>\n","protected":false},"excerpt":{"rendered":"<p>Esta secci\u00f3n contiene el Programa de Desgravaci\u00f3n Arancelaria (PDA) del Tratado de Libre Comercio entre Centroam\u00e9rica-Rep\u00fablica Dominicana, aplicado por El Salvador durante el a\u00f1o 2021 y 2022. En caso tenga consultas sobre el PDA, puede ponerse en contacto con la oficina responsable: DIRECCI\u00d3N DE ADMINISTRACI\u00d3N DE TRATADOS COMERCIALES Direcci\u00f3n: Alameda Juan Pablo II y Calle [&hellip;]<\/p>\n","protected":false},"author":6,"featured_media":0,"parent":18,"menu_order":0,"comment_status":"closed","ping_status":"closed","template":"page-treaty","meta":{"footnotes":""},"class_list":["post-88","page","type-page","status-publish","hentry"],"_links":{"self":[{"href":"https:\/\/infotrade.economia.gob.sv\/republica-dominicana\/wp-json\/wp\/v2\/pages\/88","targetHints":{"allow":["GET"]}}],"collection":[{"href":"https:\/\/infotrade.economia.gob.sv\/republica-dominicana\/wp-json\/wp\/v2\/pages"}],"about":[{"href":"https:\/\/infotrade.economia.gob.sv\/republica-dominicana\/wp-json\/wp\/v2\/types\/page"}],"author":[{"embeddable":true,"href":"https:\/\/infotrade.economia.gob.sv\/republica-dominicana\/wp-json\/wp\/v2\/users\/6"}],"replies":[{"embeddable":true,"href":"https:\/\/infotrade.economia.gob.sv\/republica-dominicana\/wp-json\/wp\/v2\/comments?post=88"}],"version-history":[{"count":12,"href":"https:\/\/infotrade.economia.gob.sv\/republica-dominicana\/wp-json\/wp\/v2\/pages\/88\/revisions"}],"predecessor-version":[{"id":215,"href":"https:\/\/infotrade.economia.gob.sv\/republica-dominicana\/wp-json\/wp\/v2\/pages\/88\/revisions\/215"}],"up":[{"embeddable":true,"href":"https:\/\/infotrade.economia.gob.sv\/republica-dominicana\/wp-json\/wp\/v2\/pages\/18"}],"wp:attachment":[{"href":"https:\/\/infotrade.economia.gob.sv\/republica-dominicana\/wp-json\/wp\/v2\/media?parent=88"}],"curies":[{"name":"wp","href":"https:\/\/api.w.org\/{rel}","templated":true}]}}