{"id":2,"date":"2015-03-12T15:23:38","date_gmt":"2015-03-12T15:23:38","guid":{"rendered":"http:\/\/sica.minec.dev\/ue\/?page_id=2"},"modified":"2019-06-07T10:30:08","modified_gmt":"2019-06-07T16:30:08","slug":"informacion-general","status":"publish","type":"page","link":"https:\/\/infotrade.economia.gob.sv\/ue\/informacion-general\/","title":{"rendered":"Informaci\u00f3n General"},"content":{"rendered":"<div id=\"pl-2\" class=\"panel-layout\">\n<div id=\"pg-2-0\" class=\"panel-grid panel-no-style\">\n<div id=\"pgc-2-0-0\" class=\"panel-grid-cell\" data-weight=\"1\">\n<div id=\"panel-2-0-0-0\" class=\"so-panel widget widget_sow-editor panel-first-child panel-last-child\" data-index=\"0\" data-style=\"{&quot;background_image_attachment&quot;:false,&quot;background_display&quot;:&quot;tile&quot;}\">\n<div class=\"so-widget-sow-editor so-widget-sow-editor-base\">\n<div class=\"siteorigin-widget-tinymce textwidget\">\n<h1>Acuerdo de Asociaci\u00f3n Centroam\u00e9rica Uni\u00f3n Europea<\/h1>\n<p>Si deseas conocer m\u00e1s sobre el Acuerdo de Asociaci\u00f3n visita <a href=\"http:\/\/infotrade.economia.gob.sv\/noticias-ada-ca-union-europea\/\" target=\"_blank\" rel=\"noopener noreferrer\">la secci\u00f3n de noticias<\/a><\/p>\n<h3 class=\"widget-title\">\u00bfQU\u00c9 REPRESENTA LA UNI\u00d3N EUROPEA?<\/h3>\n<p>La Uni\u00f3n Europea (UE), est\u00e1 conformada por 28 estados miembros, y representa un mercado de consumo superior a los 500 millones de personas con alto poder adquisitivo. Esto lo constituye en un cliente potencial para las peque\u00f1as y medianas empresas centroamericanas, sobre todo ante la reciente aprobaci\u00f3n y puesta en vigencia del Acuerdo de Asociaci\u00f3n, que ampl\u00eda y mejora las oportunidades de acceso a dicho mercado, tanto en mercanc\u00edas como en servicios.<br \/>\n<img loading=\"lazy\" decoding=\"async\" class=\"so-widget-image\" src=\"http:\/\/infotrade.economia.gob.sv\/ue\/wp-content\/uploads\/sites\/2\/ee-lgflag.gif\" srcset=\"\" width=\"270\" height=\"183\" \/><\/p>\n<p>El ADA regula las relaciones entre la Uni\u00f3n Europea y los pa\u00edses de Centroam\u00e9rica en tres \u00e1mbitos: di\u00e1logo pol\u00edtico, cooperaci\u00f3n y la creaci\u00f3n de una zona de libre comercio.<\/p>\n<p>En la parte comercial, el ADA consolida y mejora las condiciones de acceso al mercado europeo del Sistema Generalizado de Preferencias (SGP) de la Uni\u00f3n Europea, el cual permiti\u00f3 durante muchos a\u00f1os que los productos centroamericanos pudieran ingresar a esa regi\u00f3n sin pagar aranceles.<\/p>\n<p>Fue suscrito el 29 de junio de 2012, y entr\u00f3 en vigor para nuestro pa\u00eds el 1 de octubre de 2013.<\/p>\n<p>A la fecha, el 56.2% de los productos europeos entran a El Salvador sin pagar aranceles, mientras que el 43.8% restante ingresan con un arancel preferencial. El programa de desgravaci\u00f3n arancelaria finalizar\u00e1 en 2027.<\/p>\n<p>En 2018, la Uni\u00f3n Europea ocup\u00f3 el quinto lugar entre los principales proveedores de mercanc\u00edas de El Salvador, lo cual representa el 6.8% de las importaciones totales; asimismo, se ubic\u00f3, en la misma posici\u00f3n como destino de las exportaciones representando el 2.4% del total exportado.<\/p>\n<p>Para el mismo a\u00f1o, las exportaciones salvadore\u00f1as ascendieron a US$168.6 millones. En el caso de las importaciones ascendieron a US$ 868.4 millones.<\/p>\n<p>Los principales productos salvadore\u00f1os exportados al mercado europeo fueron: caf\u00e9 oro, lomos de at\u00fan y at\u00fan en conserva, az\u00facar, herbicidas, inhibidores de germinaci\u00f3n y reguladores del crecimiento de las plantas, musgos y l\u00edquenes, manufacturas textiles, artesan\u00edas de madera y tela, miel, pescados congelados, entre otros.<\/p>\n<p>Entre los principales productos importados desde la UE se encuentran: motores, los medicamentos, maquinarias y sus partes, manufacturas de hierro y acero, preparaciones alimenticias, perfumes y aguas de tocador, entre otros.<\/p>\n<p>En relaci\u00f3n a la Inversi\u00f3n Extranjera Directa (IED) de la Uni\u00f3n Europea en El Salvador ascendi\u00f3 a US$ 1,062.38 millones, lo que represent\u00f3 el 6.07% de la IED total de nuestro pa\u00eds. Destacando la inversi\u00f3n en los sectores de: telecomunicaciones, pesca e industria en general.<\/p>\n<p>&nbsp;<\/p>\n<figure id=\"attachment_912\" aria-describedby=\"caption-attachment-912\" style=\"width: 297px\" class=\"wp-caption aligncenter\"><img loading=\"lazy\" decoding=\"async\" class=\"wp-image-912 size-full\" src=\"http:\/\/infotrade.economia.gob.sv\/ue\/wp-content\/uploads\/sites\/2\/IED-2018.jpg\" alt=\"\" width=\"297\" height=\"200\" \/><figcaption id=\"caption-attachment-912\" class=\"wp-caption-text\">Fuente: BCR<\/figcaption><\/figure>\n<p>&nbsp;<\/p>\n<\/div>\n<\/div>\n<\/div>\n<\/div>\n<\/div>\n<\/div>\n","protected":false},"excerpt":{"rendered":"<p>Acuerdo de Asociaci\u00f3n Centroam\u00e9rica Uni\u00f3n Europea Si deseas conocer m\u00e1s sobre el Acuerdo de Asociaci\u00f3n visita la secci\u00f3n de noticias \u00bfQU\u00c9 REPRESENTA LA UNI\u00d3N EUROPEA? La Uni\u00f3n Europea (UE), est\u00e1 conformada por 28 estados miembros, y representa un mercado de consumo superior a los 500 millones de personas con alto poder adquisitivo. Esto lo constituye [&hellip;]<\/p>\n","protected":false},"author":2,"featured_media":0,"parent":0,"menu_order":0,"comment_status":"closed","ping_status":"closed","template":"page-treaty","meta":{"footnotes":""},"class_list":["post-2","page","type-page","status-publish","hentry"],"_links":{"self":[{"href":"https:\/\/infotrade.economia.gob.sv\/ue\/wp-json\/wp\/v2\/pages\/2","targetHints":{"allow":["GET"]}}],"collection":[{"href":"https:\/\/infotrade.economia.gob.sv\/ue\/wp-json\/wp\/v2\/pages"}],"about":[{"href":"https:\/\/infotrade.economia.gob.sv\/ue\/wp-json\/wp\/v2\/types\/page"}],"author":[{"embeddable":true,"href":"https:\/\/infotrade.economia.gob.sv\/ue\/wp-json\/wp\/v2\/users\/2"}],"replies":[{"embeddable":true,"href":"https:\/\/infotrade.economia.gob.sv\/ue\/wp-json\/wp\/v2\/comments?post=2"}],"version-history":[{"count":61,"href":"https:\/\/infotrade.economia.gob.sv\/ue\/wp-json\/wp\/v2\/pages\/2\/revisions"}],"predecessor-version":[{"id":915,"href":"https:\/\/infotrade.economia.gob.sv\/ue\/wp-json\/wp\/v2\/pages\/2\/revisions\/915"}],"wp:attachment":[{"href":"https:\/\/infotrade.economia.gob.sv\/ue\/wp-json\/wp\/v2\/media?parent=2"}],"curies":[{"name":"wp","href":"https:\/\/api.w.org\/{rel}","templated":true}]}}