{"id":219,"date":"2015-04-20T22:06:34","date_gmt":"2015-04-21T04:06:34","guid":{"rendered":"http:\/\/www.minec.gob.sv\/comercioexterior\/ue\/?page_id=219"},"modified":"2024-01-03T16:59:19","modified_gmt":"2024-01-03T22:59:19","slug":"programa-de-desgravacion-arancelaria-ue","status":"publish","type":"page","link":"https:\/\/infotrade.economia.gob.sv\/ue\/administracion-del-acuerdo\/programa-de-desgravacion-arancelaria-ue\/","title":{"rendered":"Programa de Desgravaci\u00f3n Arancelaria"},"content":{"rendered":"<p>Esta secci\u00f3n contiene el Programa de Desgravaci\u00f3n Arancelaria (PDA) del Acuerdo de Asociaci\u00f3n, aplicado por El Salvador correspondiente al a\u00f1o 2021 y 2022.<\/p>\n<p>En caso tenga consultas sobre el PDA, puede ponerse en contacto con la oficina responsable:<\/p>\n<p>DIRECCI\u00d3N DE ADMINISTRACI\u00d3N DE TRATADOS COMERCIALES<br \/>Direcci\u00f3n: Alameda Juan Pablo II y Calle Guadalupe Edificio C1-C2, Centro de Gobierno, San Salvador, El Salvador.<br \/>Tel\u00e9fonos: (+503) 2590-5788 y (+503) 2590-5790<br \/>Email: <a href=\"mailto:datco@minec.gob.sv\">datco@minec.gob.sv<\/a><\/p>\n<p>Para descargar el Programa de Desgravaci\u00f3n Arancelaria UE, haga click sobre &#8220;<strong>Descargar<\/strong>&#8220;<\/p>\n<h3><a href=\"http:\/\/infotrade.economia.gob.sv\/ue\/wp-content\/uploads\/sites\/2\/PDA-2021-AACUE.pdf\" target=\"_blank\" rel=\"noopener\">Descargar PDA 2021<\/a><\/h3>\n<h3><a href=\"\/ue\/wp-content\/uploads\/sites\/2\/PDA-Union-Europea-2022-1.pdf\" target=\"_blank\" rel=\"noopener\">Descargar PDA 2022<\/a><\/h3>\n<h3><a href=\"http:\/\/infotrade.economia.gob.sv\/ue\/wp-content\/uploads\/sites\/2\/PDA-Union-Europea-2023-1.pdf\" target=\"_blank\" rel=\"noopener\">Descargar PDA 2023<\/a><\/h3>\n<h3><a href=\"http:\/\/infotrade.economia.gob.sv\/ue\/wp-content\/uploads\/sites\/2\/PDA-Union-Europea-2024.pdf\">Descargar PDA 2024<\/a><\/h3>\n\n\n<p><\/p>\n","protected":false},"excerpt":{"rendered":"<p>Esta secci\u00f3n contiene el Programa de Desgravaci\u00f3n Arancelaria (PDA) del Acuerdo de Asociaci\u00f3n, aplicado por El Salvador correspondiente al a\u00f1o 2021 y 2022. En caso tenga consultas sobre el PDA, puede ponerse en contacto con la oficina responsable: DIRECCI\u00d3N DE ADMINISTRACI\u00d3N DE TRATADOS COMERCIALESDirecci\u00f3n: Alameda Juan Pablo II y Calle Guadalupe Edificio C1-C2, Centro de [&hellip;]<\/p>\n","protected":false},"author":1,"featured_media":0,"parent":199,"menu_order":0,"comment_status":"closed","ping_status":"closed","template":"page-treaty","meta":{"footnotes":""},"class_list":["post-219","page","type-page","status-publish","hentry"],"_links":{"self":[{"href":"https:\/\/infotrade.economia.gob.sv\/ue\/wp-json\/wp\/v2\/pages\/219","targetHints":{"allow":["GET"]}}],"collection":[{"href":"https:\/\/infotrade.economia.gob.sv\/ue\/wp-json\/wp\/v2\/pages"}],"about":[{"href":"https:\/\/infotrade.economia.gob.sv\/ue\/wp-json\/wp\/v2\/types\/page"}],"author":[{"embeddable":true,"href":"https:\/\/infotrade.economia.gob.sv\/ue\/wp-json\/wp\/v2\/users\/1"}],"replies":[{"embeddable":true,"href":"https:\/\/infotrade.economia.gob.sv\/ue\/wp-json\/wp\/v2\/comments?post=219"}],"version-history":[{"count":25,"href":"https:\/\/infotrade.economia.gob.sv\/ue\/wp-json\/wp\/v2\/pages\/219\/revisions"}],"predecessor-version":[{"id":1099,"href":"https:\/\/infotrade.economia.gob.sv\/ue\/wp-json\/wp\/v2\/pages\/219\/revisions\/1099"}],"up":[{"embeddable":true,"href":"https:\/\/infotrade.economia.gob.sv\/ue\/wp-json\/wp\/v2\/pages\/199"}],"wp:attachment":[{"href":"https:\/\/infotrade.economia.gob.sv\/ue\/wp-json\/wp\/v2\/media?parent=219"}],"curies":[{"name":"wp","href":"https:\/\/api.w.org\/{rel}","templated":true}]}}