{"id":231,"date":"2015-04-20T22:53:26","date_gmt":"2015-04-21T04:53:26","guid":{"rendered":"http:\/\/www.minec.gob.sv\/comercioexterior\/ue\/?page_id=231"},"modified":"2016-07-05T11:52:09","modified_gmt":"2016-07-05T17:52:09","slug":"formularios-eur-1","status":"publish","type":"page","link":"https:\/\/infotrade.economia.gob.sv\/ue\/administracion-del-acuerdo\/origen-y-procedimientos-aduaneros\/formularios-eur-1\/","title":{"rendered":"Formularios EUR.1"},"content":{"rendered":"<p>En el presente apartado encontrar\u00e1 los formularios en los diferentes idiomas de la Uni\u00f3n Europea del Certificado de Circulaci\u00f3n de Mercancias EUR.1.<\/p>\n<p>Estos formularios deber\u00e1n completarse en cualquiera de los idiomas oficiales del Acuerdo de conformidad con la ley nacional de la parte exportadora. Para el caso de El Salvador est\u00e9 ser\u00e1 expedido por el Centro de Tr\u00e1mites de Importaciones y Exportaciones (CIEX) del Banco Central de Reserva, a petici\u00f3n escrita del exportador salvadore\u00f1o o, bajo la responsabilidad de este, por su representante autorizado.<\/p>\n<ul>\n<li>La informaci\u00f3n que contiene este certificado incluye:\n<ul>\n<li>Los datos generales del exportador<\/li>\n<li>La descripci\u00f3n de las mercancias<\/li>\n<li>El volumen y medida del embarque<\/li>\n<li>El n\u00famero correlativo del certificado<\/li>\n<li>El pa\u00eds o paises de origen de la mercancia y pa\u00eds de destino de la exportaci\u00f3n<\/li>\n<li>La declaraci\u00f3n del exportador y visado de la autoridad competente del pa\u00eds exportador<\/li>\n<\/ul>\n<\/li>\n<\/ul>\n<p>&nbsp;<\/p>\n<table class=\"table table-striped table-bordered\" data-toggle=\"table\" data-datatype=\"html\" data-cache=\"false\" data-pagination=\"true\" data-search=\"true\">\n<thead>\n<tr>\n<th>Documento<\/th>\n<th><\/th>\n<\/tr>\n<\/thead>\n<tbody>\n<tr>\n<td>EUR.1 &#8211; BULGARIA (BG)<\/td>\n<td><a href=\"\/ue\/wp-content\/uploads\/sites\/2\/bg-eur1.pdf\">Descargar<\/a><\/td>\n<\/tr>\n<tr>\n<td>EUR.1 &#8211; AUSTRIA (AT)<\/td>\n<td><a href=\"\/ue\/wp-content\/uploads\/sites\/2\/at-eur1.pdf\">Descargar<\/a><\/td>\n<\/tr>\n<tr>\n<td>EUR.1 &#8211; RUMANIA (RO)<\/td>\n<td><a href=\"\/ue\/wp-content\/uploads\/sites\/2\/ro-eur1.pdf\">Descargar<\/a><\/td>\n<\/tr>\n<tr>\n<td>EUR.1 &#8211; CHIPRE (CY)<\/td>\n<td><a href=\"\/ue\/wp-content\/uploads\/sites\/2\/cy-eur1.pdf\">Descargar<\/a><\/td>\n<\/tr>\n<tr>\n<td>EUR.1 &#8211; REINO UNIDO (UK)<\/td>\n<td><a href=\"\/ue\/wp-content\/uploads\/sites\/2\/uk-eur1.pdf\">Descargar<\/a><\/td>\n<\/tr>\n<tr>\n<td>EUR.1 &#8211; ALEMANIA (DE)<\/td>\n<td><a href=\"\/ue\/wp-content\/uploads\/sites\/2\/de-eur1.pdf\">Descargar<\/a><\/td>\n<\/tr>\n<tr>\n<td>EUR.1- DINAMARCA (DK)<\/td>\n<td><a href=\"\/ue\/wp-content\/uploads\/sites\/2\/dk-eur1.pdf\">Descargar<\/a><\/td>\n<\/tr>\n<tr>\n<td>EUR.1 &#8211; ESTONIA (EE)<\/td>\n<td><a href=\"\/ue\/wp-content\/uploads\/sites\/2\/ee-eur1.pdf\">Descargar<\/a><\/td>\n<\/tr>\n<tr>\n<td>EUR.1 &#8211; GRECIA (EL)<\/td>\n<td><a href=\"\/ue\/wp-content\/uploads\/sites\/2\/el-eur1.pdf\">Descargar<\/a><\/td>\n<\/tr>\n<tr>\n<td>EUR.1 &#8211; ESPA\u00d1A (ES)<\/td>\n<td><a href=\"\/ue\/wp-content\/uploads\/sites\/2\/es-eur1.pdf\">Descargar<\/a><\/td>\n<\/tr>\n<tr>\n<td>EUR.1 &#8211; FRANCIA (FR)<\/td>\n<td><a href=\"\/ue\/wp-content\/uploads\/sites\/2\/fr-eur1.pdf\">Descargar<\/a><\/td>\n<\/tr>\n<tr>\n<td>EUR.1 &#8211; HUNGR\u00cdA (HU)<\/td>\n<td><a href=\"\/ue\/wp-content\/uploads\/sites\/2\/hu-eur1.pdf\">Descargar<\/a><\/td>\n<\/tr>\n<tr>\n<td>EUR.1 &#8211; IRLANDA (IRL)<\/td>\n<td><a href=\"\/ue\/wp-content\/uploads\/sites\/2\/irl-eur1.pdf\">Descargar<\/a><\/td>\n<\/tr>\n<tr>\n<td>EUR.1 &#8211; ITALIA (IT)<\/td>\n<td><a href=\"\/ue\/wp-content\/uploads\/sites\/2\/it-eur1.pdf\">Descargar<\/a><\/td>\n<\/tr>\n<tr>\n<td>EUR.1 &#8211; LITUANIA (LT)<\/td>\n<td><a href=\"\/ue\/wp-content\/uploads\/sites\/2\/lt-eur1.pdf\">Descargar<\/a><\/td>\n<\/tr>\n<tr>\n<td>EUR.1 &#8211; LUXEMBURGO (LU)<\/td>\n<td><a href=\"\/ue\/wp-content\/uploads\/sites\/2\/lu-eur1.pdf\">Descargar<\/a><\/td>\n<\/tr>\n<tr>\n<td>EUR.1 &#8211; LETONIA (LV)<\/td>\n<td><a href=\"\/ue\/wp-content\/uploads\/sites\/2\/lv-eur1.pdf\">Descargar<\/a><\/td>\n<\/tr>\n<tr>\n<td>EUR.1 &#8211; MALTA (MT)<\/td>\n<td><a href=\"\/ue\/wp-content\/uploads\/sites\/2\/mt-eur1.pdf\">Descargar<\/a><\/td>\n<\/tr>\n<tr>\n<td>EUR.1 &#8211; CENTROAM\u00c9RICA<\/td>\n<td><a href=\"\/ue\/wp-content\/uploads\/sites\/2\/mutualidad-eur-i.pdf\">Descargar<\/a><\/td>\n<\/tr>\n<tr>\n<td>EUR.1 &#8211; PA\u00cdSES BAJOS (NL)<\/td>\n<td><a href=\"\/ue\/wp-content\/uploads\/sites\/2\/nl-eur1.pdf\">Descargar<\/a><\/td>\n<\/tr>\n<tr>\n<td>EUR.1 &#8211; POLONIA (PL)<\/td>\n<td><a href=\"\/ue\/wp-content\/uploads\/sites\/2\/pl-eur1.pdf\">Descargar<\/a><\/td>\n<\/tr>\n<tr>\n<td>EUR.1 &#8211; PORTUGAL (PT)<\/td>\n<td><a href=\"\/ue\/wp-content\/uploads\/sites\/2\/pt-eur1.pdf\">Descargar<\/a><\/td>\n<\/tr>\n<tr>\n<td>EUR.1 &#8211; SUECIA (SE)<\/td>\n<td><a href=\"\/ue\/wp-content\/uploads\/sites\/2\/se-eur1.pdf\">Descargar<\/a><\/td>\n<\/tr>\n<tr>\n<td>EUR.1 &#8211; ESLOVAQUIA (SK)<\/td>\n<td><a href=\"\/ue\/wp-content\/uploads\/sites\/2\/sk-eur1.pdf\">Descargar<\/a><\/td>\n<\/tr>\n<tr>\n<td>EUR.1 &#8211; ESLOVENIA (SL)<\/td>\n<td><a href=\"\/ue\/wp-content\/uploads\/sites\/2\/sl-eur1.pdf\">Descargar<\/a><\/td>\n<\/tr>\n<\/tbody>\n<\/table>\n","protected":false},"excerpt":{"rendered":"<p>En el presente apartado encontrar\u00e1 los formularios en los diferentes idiomas de la Uni\u00f3n Europea del Certificado de Circulaci\u00f3n de Mercancias EUR.1. Estos formularios deber\u00e1n completarse en cualquiera de los idiomas oficiales del Acuerdo de conformidad con la ley nacional de la parte exportadora. Para el caso de El Salvador est\u00e9 ser\u00e1 expedido por el [&hellip;]<\/p>\n","protected":false},"author":1,"featured_media":0,"parent":226,"menu_order":0,"comment_status":"closed","ping_status":"closed","template":"page-treaty","meta":{"footnotes":""},"class_list":["post-231","page","type-page","status-publish","hentry"],"_links":{"self":[{"href":"https:\/\/infotrade.economia.gob.sv\/ue\/wp-json\/wp\/v2\/pages\/231","targetHints":{"allow":["GET"]}}],"collection":[{"href":"https:\/\/infotrade.economia.gob.sv\/ue\/wp-json\/wp\/v2\/pages"}],"about":[{"href":"https:\/\/infotrade.economia.gob.sv\/ue\/wp-json\/wp\/v2\/types\/page"}],"author":[{"embeddable":true,"href":"https:\/\/infotrade.economia.gob.sv\/ue\/wp-json\/wp\/v2\/users\/1"}],"replies":[{"embeddable":true,"href":"https:\/\/infotrade.economia.gob.sv\/ue\/wp-json\/wp\/v2\/comments?post=231"}],"version-history":[{"count":3,"href":"https:\/\/infotrade.economia.gob.sv\/ue\/wp-json\/wp\/v2\/pages\/231\/revisions"}],"predecessor-version":[{"id":589,"href":"https:\/\/infotrade.economia.gob.sv\/ue\/wp-json\/wp\/v2\/pages\/231\/revisions\/589"}],"up":[{"embeddable":true,"href":"https:\/\/infotrade.economia.gob.sv\/ue\/wp-json\/wp\/v2\/pages\/226"}],"wp:attachment":[{"href":"https:\/\/infotrade.economia.gob.sv\/ue\/wp-json\/wp\/v2\/media?parent=231"}],"curies":[{"name":"wp","href":"https:\/\/api.w.org\/{rel}","templated":true}]}}