{"id":259,"date":"2015-04-20T22:59:25","date_gmt":"2015-04-21T04:59:25","guid":{"rendered":"http:\/\/www.minec.gob.sv\/comercioexterior\/ue\/?page_id=259"},"modified":"2018-02-01T16:06:55","modified_gmt":"2018-02-01T22:06:55","slug":"documentos","status":"publish","type":"page","link":"https:\/\/infotrade.economia.gob.sv\/ue\/administracion-del-acuerdo\/origen-y-procedimientos-aduaneros\/documentos\/","title":{"rendered":"Documentos"},"content":{"rendered":"<p>En esta secci\u00f3n podr\u00e1 consultar los siguientes documentos:<\/p>\n<ol>\n<li><a href=\"\/ue\/wp-content\/uploads\/sites\/2\/DACG0022016_DACG_002_2016.pdf\" target=\"_blank\" rel=\"noopener\">Disposici\u00f3n Administrativa de Car\u00e1cter General (DACG) de la Direcci\u00f3n General de Aduanas, sobre la aplicaci\u00f3n del Acuerdo de Asociaci\u00f3n<\/a>.<\/li>\n<li><a href=\"http:\/\/infotrade.economia.gob.sv\/wp-content\/uploads\/marco_esp_anexo_2_apendice_2a.pdf\" target=\"_blank\" rel=\"noopener\">Ap\u00e9ndice 2A del Anexo II del Acuerdo de Asociaci\u00f3n.<\/a><\/li>\n<\/ol>\n","protected":false},"excerpt":{"rendered":"<p>En esta secci\u00f3n podr\u00e1 consultar los siguientes documentos: Disposici\u00f3n Administrativa de Car\u00e1cter General (DACG) de la Direcci\u00f3n General de Aduanas, sobre la aplicaci\u00f3n del Acuerdo de Asociaci\u00f3n. Ap\u00e9ndice 2A del Anexo II del Acuerdo de Asociaci\u00f3n.<\/p>\n","protected":false},"author":1,"featured_media":0,"parent":226,"menu_order":0,"comment_status":"closed","ping_status":"closed","template":"page-treaty","meta":{"footnotes":""},"class_list":["post-259","page","type-page","status-publish","hentry"],"_links":{"self":[{"href":"https:\/\/infotrade.economia.gob.sv\/ue\/wp-json\/wp\/v2\/pages\/259","targetHints":{"allow":["GET"]}}],"collection":[{"href":"https:\/\/infotrade.economia.gob.sv\/ue\/wp-json\/wp\/v2\/pages"}],"about":[{"href":"https:\/\/infotrade.economia.gob.sv\/ue\/wp-json\/wp\/v2\/types\/page"}],"author":[{"embeddable":true,"href":"https:\/\/infotrade.economia.gob.sv\/ue\/wp-json\/wp\/v2\/users\/1"}],"replies":[{"embeddable":true,"href":"https:\/\/infotrade.economia.gob.sv\/ue\/wp-json\/wp\/v2\/comments?post=259"}],"version-history":[{"count":6,"href":"https:\/\/infotrade.economia.gob.sv\/ue\/wp-json\/wp\/v2\/pages\/259\/revisions"}],"predecessor-version":[{"id":797,"href":"https:\/\/infotrade.economia.gob.sv\/ue\/wp-json\/wp\/v2\/pages\/259\/revisions\/797"}],"up":[{"embeddable":true,"href":"https:\/\/infotrade.economia.gob.sv\/ue\/wp-json\/wp\/v2\/pages\/226"}],"wp:attachment":[{"href":"https:\/\/infotrade.economia.gob.sv\/ue\/wp-json\/wp\/v2\/media?parent=259"}],"curies":[{"name":"wp","href":"https:\/\/api.w.org\/{rel}","templated":true}]}}