{"id":261,"date":"2015-04-20T23:02:54","date_gmt":"2015-04-21T05:02:54","guid":{"rendered":"http:\/\/www.minec.gob.sv\/comercioexterior\/ue\/?page_id=261"},"modified":"2023-08-09T08:38:53","modified_gmt":"2023-08-09T14:38:53","slug":"decisiones-del-consejo","status":"publish","type":"page","link":"https:\/\/infotrade.economia.gob.sv\/ue\/administracion-del-acuerdo\/decisiones-del-consejo\/","title":{"rendered":"Decisiones del Consejo"},"content":{"rendered":"<p>En esta secci\u00f3n podr\u00e1 consultar las Decisiones firmadas por el Consejo de Asociaci\u00f3n del Acuerdo:<\/p>\n<div class=\"table-responsive\">\n<table class=\"table table-bordered table-striped table-hover\" style=\"height: 216px;\" width=\"564\">\n<tbody>\n<tr>\n<td width=\"561\"><a href=\"\/ue\/wp-content\/uploads\/sites\/2\/Decision_1.pdf\" target=\"_blank\" rel=\"noopener\">Decisi\u00f3n No. 1\/2014 Reglas de Procedimiento y las Reglas de Procedimiento del Comit\u00e9 de Asociaci\u00f3n<\/a><\/td>\n<\/tr>\n<tr>\n<td><a href=\"\/ue\/wp-content\/uploads\/sites\/2\/Decision_2.pdf\" target=\"_blank\" rel=\"noopener\">Decisi\u00f3n No. 2\/2014 Reglas de Procedimiento por las que se rige la soluci\u00f3n de controversias<\/a><\/td>\n<\/tr>\n<tr>\n<td><a href=\"\/ue\/wp-content\/uploads\/sites\/2\/Decision_3.pdf\" target=\"_blank\" rel=\"noopener\">Decisi\u00f3n No. 3\/2014 Adopci\u00f3n de la Lista de Panelistas<\/a><\/td>\n<\/tr>\n<tr>\n<td><a href=\"\/ue\/wp-content\/uploads\/sites\/2\/Decision_4.pdf\" target=\"_blank\" rel=\"noopener\">Decisi\u00f3n No. 4\/2014 Adopci\u00f3n de la lista de expertos en materia de comercio y desarrollo sostenible<\/a><\/td>\n<\/tr>\n<tr>\n<td><a href=\"\/ue\/wp-content\/uploads\/sites\/2\/Decision_5.pdf\" target=\"_blank\" rel=\"noopener\">Decisi\u00f3n No. 5\/2014 Indicaciones geogr\u00e1ficas que deben incluirse en el anexo XVIII del Acuerdo<\/a><\/td>\n<\/tr>\n<tr>\n<td><a href=\"http:\/\/infotrade.economia.gob.sv\/ue\/wp-content\/uploads\/sites\/2\/Decision-01-2020-del-Consejo-de-Asociacion-UE-CA.pdf\">Decisi\u00f3n No. 1\/2020 que modifica el Ap\u00e9ndice 2 del Anexo II<\/a><\/td>\n<\/tr>\n<tr>\n<td><a href=\"http:\/\/infotrade.economia.gob.sv\/ue\/wp-content\/uploads\/sites\/2\/Decision-02-2020-del-Consejo-de-Asociacion-UE-CA.pdf\">Decisi\u00f3n No. 2\/2020 por la que se introducen notas explicativas en relaci\u00f3n con el certificado de circulaci\u00f3n de mercanc\u00edas EUR.1, declaraciones en factura, exportadores autorizados y verificaciones de pruebas de origen<\/a><\/td>\n<\/tr>\n<tr>\n<td><a href=\"http:\/\/infotrade.economia.gob.sv\/ue\/wp-content\/uploads\/sites\/2\/Protocolo-de-Adhesion-Croacia-al-Acuerdo-de-Asociacion-UE-Centroamerica.pdf\"> Protocolo de Adhesi\u00f3n de Croacia al Acuerdo de Asociaci\u00f3n UE-Centroam\u00e9rica<\/a><\/td>\n<\/tr>\n<tr>\n<td><a href=\"http:\/\/infotrade.economia.gob.sv\/ue\/wp-content\/uploads\/sites\/2\/Publicacion-D.O.-Decision-N\u00b01-2022-Consejo-de-Asociacion-UE-Centroamerica-2.pdf\" target=\"_blank\" rel=\"noopener\">Decisi\u00f3n No. 1\/2022 Indicaciones geogr\u00e1ficas que deben incluirse en el anexo XVIII del Acuerdo<\/a><\/td>\n<\/tr>\n<\/tbody>\n<\/table>\n<\/div>\n\n\n<p><\/p>\n","protected":false},"excerpt":{"rendered":"<p>En esta secci\u00f3n podr\u00e1 consultar las Decisiones firmadas por el Consejo de Asociaci\u00f3n del Acuerdo: Decisi\u00f3n No. 1\/2014 Reglas de Procedimiento y las Reglas de Procedimiento del Comit\u00e9 de Asociaci\u00f3n Decisi\u00f3n No. 2\/2014 Reglas de Procedimiento por las que se rige la soluci\u00f3n de controversias Decisi\u00f3n No. 3\/2014 Adopci\u00f3n de la Lista de Panelistas Decisi\u00f3n [&hellip;]<\/p>\n","protected":false},"author":1,"featured_media":0,"parent":199,"menu_order":0,"comment_status":"closed","ping_status":"closed","template":"page-treaty","meta":{"footnotes":""},"class_list":["post-261","page","type-page","status-publish","hentry"],"_links":{"self":[{"href":"https:\/\/infotrade.economia.gob.sv\/ue\/wp-json\/wp\/v2\/pages\/261","targetHints":{"allow":["GET"]}}],"collection":[{"href":"https:\/\/infotrade.economia.gob.sv\/ue\/wp-json\/wp\/v2\/pages"}],"about":[{"href":"https:\/\/infotrade.economia.gob.sv\/ue\/wp-json\/wp\/v2\/types\/page"}],"author":[{"embeddable":true,"href":"https:\/\/infotrade.economia.gob.sv\/ue\/wp-json\/wp\/v2\/users\/1"}],"replies":[{"embeddable":true,"href":"https:\/\/infotrade.economia.gob.sv\/ue\/wp-json\/wp\/v2\/comments?post=261"}],"version-history":[{"count":19,"href":"https:\/\/infotrade.economia.gob.sv\/ue\/wp-json\/wp\/v2\/pages\/261\/revisions"}],"predecessor-version":[{"id":1089,"href":"https:\/\/infotrade.economia.gob.sv\/ue\/wp-json\/wp\/v2\/pages\/261\/revisions\/1089"}],"up":[{"embeddable":true,"href":"https:\/\/infotrade.economia.gob.sv\/ue\/wp-json\/wp\/v2\/pages\/199"}],"wp:attachment":[{"href":"https:\/\/infotrade.economia.gob.sv\/ue\/wp-json\/wp\/v2\/media?parent=261"}],"curies":[{"name":"wp","href":"https:\/\/api.w.org\/{rel}","templated":true}]}}