{"id":48,"date":"2015-03-20T08:36:07","date_gmt":"2015-03-20T14:36:07","guid":{"rendered":"http:\/\/www.minec.gob.sv\/comercioexterior\/ue\/?page_id=48"},"modified":"2023-12-12T16:24:38","modified_gmt":"2023-12-12T22:24:38","slug":"administracion-de-contingentes","status":"publish","type":"page","link":"https:\/\/infotrade.economia.gob.sv\/ue\/administracion-del-acuerdo\/administracion-de-contingentes\/","title":{"rendered":"Administraci\u00f3n de Contingentes"},"content":{"rendered":"<div class=\"table-responsive\">\n<table class=\"table table-bordered table-striped table-hover\">\n<tbody>\n<tr>\n<th width=\"80%\">Documento<\/th>\n<th width=\"20%\"><\/th>\n<\/tr>\n<tr>\n<td>Convocatoria para Contingentes 2024<\/td>\n<td><a href=\"http:\/\/infotrade.economia.gob.sv\/ue\/wp-content\/uploads\/sites\/2\/Convocatoria-contingentes-arancelarios-2024.pdf\" target=\"_blank\" rel=\"noopener\">descargar<\/a><\/td>\n<\/tr>\n<tr>\n<td>Convocatoria para Contingentes 2023<\/td>\n<td><a href=\"http:\/\/infotrade.economia.gob.sv\/cafta\/wp-content\/uploads\/sites\/3\/Publicacion-convocatoria-contingentes-2023.pdf\" target=\"_blank\" rel=\"noopener\">descargar<\/a><\/td>\n<\/tr>\n<tr>\n<td>Convocatoria para Contingentes 2022<\/td>\n<td><a href=\"http:\/\/infotrade.economia.gob.sv\/ue\/wp-content\/uploads\/sites\/2\/Publicacion-convocatoria-contingentes-2022.pdf\" target=\"_blank\" rel=\"noopener noreferrer\">descargar<\/a><\/td>\n<\/tr>\n<tr>\n<td>Convocatoria para Contingentes 2021<\/td>\n<td><a href=\"http:\/\/infotrade.economia.gob.sv\/ue\/wp-content\/uploads\/sites\/2\/Publicacion-convocatoria-contingentes-2021.pdf\" target=\"_blank\" rel=\"noopener noreferrer\">descargar<\/a><\/td>\n<\/tr>\n<tr>\n<td>Presentaci\u00f3n- Gu\u00eda del Sistema de Gesti\u00f3n de Solicitudes de Cuotas de Contingentes Arancelarios de Importaci\u00f3n<\/td>\n<td><a href=\"http:\/\/infotrade.economia.gob.sv\/ue\/wp-content\/uploads\/sites\/2\/Guia-registro-de-solicitudes-contingentes-arancelarios-2024.pdf\" target=\"_blank\" rel=\"noopener\">descargar<\/a><\/td>\n<\/tr>\n<tr>\n<td>Acuerdo Ejecutivo N\u00ba 1324 sobre uso de TICS para recepci\u00f3n de solicitudes y licencias<\/td>\n<td><a href=\"http:\/\/infotrade.economia.gob.sv\/ue\/wp-content\/uploads\/sites\/2\/Acuerdo-Ejecutivo-N\u00b0-1324-uso-de-las-TICS-para-solicitudes-y-licencias.pdf\" target=\"_blank\" rel=\"noopener noreferrer\">descargar<\/a><\/td>\n<\/tr>\n<tr>\n<td>Resoluci\u00f3n 315-2013 (COMIECO) Reglamento Centroamericano para la administraci\u00f3n de contingentes regionales del Acuerdo de Asociaci\u00f3n<\/td>\n<td><a href=\"\/ue\/wp-content\/uploads\/sites\/2\/resolucin-reglamento-regional-contingente.pdf\" target=\"_blank\" rel=\"noopener noreferrer\">descargar<\/a><\/td>\n<\/tr>\n<tr>\n<td>Decreto 173. Reglamento para la administraci\u00f3n de contingentes arancelarios de importaci\u00f3n del Acuerdo de Asociaci\u00f3n<\/td>\n<td><a href=\"\/ue\/wp-content\/uploads\/sites\/2\/reglamento-contingente-de-importacion-ae-no-173.pdf\" target=\"_blank\" rel=\"noopener noreferrer\">descargar<\/a><\/td>\n<\/tr>\n<tr>\n<td>Decreto 174. Reglamento para la administraci\u00f3n de contingentes arancelarios de exportaci\u00f3n del Acuerdo de Asociaci\u00f3n<\/td>\n<td><a href=\"\/ue\/wp-content\/uploads\/sites\/2\/reglamento-contingente-de-exportacion-ae-no-174.pdf\" target=\"_blank\" rel=\"noopener noreferrer\">descargar<\/a><\/td>\n<\/tr>\n<tr>\n<td>Declaraci\u00f3n jurada<\/td>\n<td><a href=\"http:\/\/infotrade.economia.gob.sv\/cafta\/wp-content\/uploads\/sites\/3\/Formato-Declaracion-Jurada-1.docx\">descargar<\/a><\/td>\n<\/tr>\n<tr>\n<td>Formato de solicitud de licencia de contingentes de importaci\u00f3n ADA-UE<\/td>\n<td><a href=\"http:\/\/infotrade.economia.gob.sv\/ue\/wp-content\/uploads\/sites\/2\/Formato-solicitud-CONTINGENTES-ADA.doc\">descargar<\/a><\/td>\n<\/tr>\n<\/tbody>\n<\/table>\n<\/div>\n","protected":false},"excerpt":{"rendered":"<p>Documento Convocatoria para Contingentes 2024 descargar Convocatoria para Contingentes 2023 descargar Convocatoria para Contingentes 2022 descargar Convocatoria para Contingentes 2021 descargar Presentaci\u00f3n- Gu\u00eda del Sistema de Gesti\u00f3n de Solicitudes de Cuotas de Contingentes Arancelarios de Importaci\u00f3n descargar Acuerdo Ejecutivo N\u00ba 1324 sobre uso de TICS para recepci\u00f3n de solicitudes y licencias descargar Resoluci\u00f3n 315-2013 (COMIECO) [&hellip;]<\/p>\n","protected":false},"author":1,"featured_media":0,"parent":199,"menu_order":0,"comment_status":"closed","ping_status":"closed","template":"page-treaty","meta":{"footnotes":""},"class_list":["post-48","page","type-page","status-publish","hentry"],"_links":{"self":[{"href":"https:\/\/infotrade.economia.gob.sv\/ue\/wp-json\/wp\/v2\/pages\/48","targetHints":{"allow":["GET"]}}],"collection":[{"href":"https:\/\/infotrade.economia.gob.sv\/ue\/wp-json\/wp\/v2\/pages"}],"about":[{"href":"https:\/\/infotrade.economia.gob.sv\/ue\/wp-json\/wp\/v2\/types\/page"}],"author":[{"embeddable":true,"href":"https:\/\/infotrade.economia.gob.sv\/ue\/wp-json\/wp\/v2\/users\/1"}],"replies":[{"embeddable":true,"href":"https:\/\/infotrade.economia.gob.sv\/ue\/wp-json\/wp\/v2\/comments?post=48"}],"version-history":[{"count":39,"href":"https:\/\/infotrade.economia.gob.sv\/ue\/wp-json\/wp\/v2\/pages\/48\/revisions"}],"predecessor-version":[{"id":1097,"href":"https:\/\/infotrade.economia.gob.sv\/ue\/wp-json\/wp\/v2\/pages\/48\/revisions\/1097"}],"up":[{"embeddable":true,"href":"https:\/\/infotrade.economia.gob.sv\/ue\/wp-json\/wp\/v2\/pages\/199"}],"wp:attachment":[{"href":"https:\/\/infotrade.economia.gob.sv\/ue\/wp-json\/wp\/v2\/media?parent=48"}],"curies":[{"name":"wp","href":"https:\/\/api.w.org\/{rel}","templated":true}]}}