{"id":497,"date":"2015-06-18T11:19:18","date_gmt":"2015-06-18T17:19:18","guid":{"rendered":"http:\/\/www.minec.gob.sv\/comercioexterior\/ue\/?page_id=497"},"modified":"2018-02-12T13:45:17","modified_gmt":"2018-02-12T19:45:17","slug":"videos-explicativos","status":"publish","type":"page","link":"https:\/\/infotrade.economia.gob.sv\/ue\/material-didactico\/videos-explicativos\/","title":{"rendered":"Videos Explicativos"},"content":{"rendered":"<div id=\"pl-497\"  class=\"panel-layout\" ><div id=\"pg-497-0\"  class=\"panel-grid panel-no-style\" ><div id=\"pgc-497-0-0\"  class=\"panel-grid-cell\" ><div id=\"panel-497-0-0-0\" class=\"so-panel widget widget_sow-editor panel-first-child panel-last-child\" data-index=\"0\" ><div class=\"so-widget-sow-editor so-widget-sow-editor-base\">\n<div class=\"siteorigin-widget-tinymce textwidget\">\n\t<h3>Modulo de acceso a mercados<\/h3>\n<ul class=\"list-unstyled list-videos\">\n<li><a href=\"https:\/\/youtu.be\/I5ANY9Er8so\" target=\"_blank\">Resultados en materia de acceso a mercados<\/a><\/li>\n<li><a href=\"https:\/\/youtu.be\/XKVdTEIbQFE\" target=\"_blank\">Eliminaci\u00f3n de aranceles<\/a><\/li>\n<li><a href=\"https:\/\/youtu.be\/-kMBBTGpuVE\" target=\"_blank\">Reglamento CA de Administraci\u00f3n de Contingentes Regionales Parte I <\/a><\/li>\n<li><a href=\"https:\/\/youtu.be\/smO5ioYQK30\" target=\"_blank\">Reglamento CA de Administraci\u00f3n de Contingentes Regionales Parte II<\/a><\/li>\n<\/ul>\n<\/div>\n<\/div><\/div><\/div><div id=\"pgc-497-0-1\"  class=\"panel-grid-cell\" ><div id=\"panel-497-0-1-0\" class=\"so-panel widget widget_sow-editor panel-first-child panel-last-child\" data-index=\"1\" ><div class=\"so-widget-sow-editor so-widget-sow-editor-base\">\n<div class=\"siteorigin-widget-tinymce textwidget\">\n\t<h3>Modulo de Normas de Origen<\/h3>\n<ul class=\"list-unstyled list-videos\">\n<li><a href=\"https:\/\/youtu.be\/bAnNv2uBBrg\" target=\"_blank\" rel=\"noopener\">Tipos de acumulaci\u00f3n de origen<\/a><\/li>\n<li><a href=\"https:\/\/youtu.be\/IGqPmmTDyfE\" target=\"_blank\" rel=\"noopener\">Acumulaci\u00f3n de origen<\/a><\/li>\n<li><a href=\"https:\/\/youtu.be\/xofyYi2e8Jk\" target=\"_blank\" rel=\"noopener\">Interpretaci\u00f3n de normas de origen <\/a><\/li>\n<li><a href=\"https:\/\/youtu.be\/M2Os24Xdsmw\" target=\"_blank\" rel=\"noopener\">Interpretaci\u00f3n de normas origen espec\u00edficas <\/a><\/li>\n<li><a href=\"https:\/\/youtu.be\/au8WS7103Jo\" target=\"_blank\" rel=\"noopener\">Pruebas de origen<\/a><\/li>\n<\/ul>\n<\/div>\n<\/div><\/div><\/div><\/div><div id=\"pg-497-1\"  class=\"panel-grid panel-no-style\" ><div id=\"pgc-497-1-0\"  class=\"panel-grid-cell\" ><div id=\"panel-497-1-0-0\" class=\"so-panel widget widget_sow-editor panel-first-child panel-last-child\" data-index=\"2\" ><div class=\"so-widget-sow-editor so-widget-sow-editor-base\">\n<div class=\"siteorigin-widget-tinymce textwidget\">\n\t<h3>Modulo de Defensa Comercial<\/h3>\n<ul class=\"list-unstyled list-videos\">\n<li><a href=\"https:\/\/youtu.be\/hYKri48gpSQ\" target=\"_blank\">Defensa Comercial Parte I<\/a><\/li>\n<li><a href=\"https:\/\/youtu.be\/QTpL5PNSMxA\" target=\"_blank\">Defensa Comercial Parte II <\/a><\/li>\n<\/ul>\n<\/div>\n<\/div><\/div><\/div><div id=\"pgc-497-1-1\"  class=\"panel-grid-cell\" ><div id=\"panel-497-1-1-0\" class=\"so-panel widget widget_sow-editor panel-first-child panel-last-child\" data-index=\"3\" ><div class=\"so-widget-sow-editor so-widget-sow-editor-base\">\n<div class=\"siteorigin-widget-tinymce textwidget\">\n\t<h3>Modulo de Comercio y Competencia<\/h3>\n<ul class=\"list-unstyled list-videos\">\n<li><a href=\"https:\/\/youtu.be\/geVwK_MxIxs\" target=\"_blank\">Comercio y Competencia<\/a><\/li>\n<\/ul>\n<\/div>\n<\/div><\/div><\/div><\/div><div id=\"pg-497-2\"  class=\"panel-grid panel-no-style\" ><div id=\"pgc-497-2-0\"  class=\"panel-grid-cell\" ><div id=\"panel-497-2-0-0\" class=\"so-panel widget widget_sow-editor panel-first-child panel-last-child\" data-index=\"4\" ><div class=\"so-widget-sow-editor so-widget-sow-editor-base\">\n<div class=\"siteorigin-widget-tinymce textwidget\">\n\t<h3>Modulo de Medidas Sanitarias y Fitosanitarias<\/h3>\n<ul class=\"list-unstyled list-videos\">\n<li><a href=\"https:\/\/youtu.be\/V_aTKWJwMmE\" target=\"_blank\">Medidas Sanitarias y Fito sanitarias <\/a><\/li>\n<\/ul>\n<\/div>\n<\/div><\/div><\/div><div id=\"pgc-497-2-1\"  class=\"panel-grid-cell\" ><div id=\"panel-497-2-1-0\" class=\"so-panel widget widget_sow-editor panel-first-child panel-last-child\" data-index=\"5\" ><div class=\"so-widget-sow-editor so-widget-sow-editor-base\">\n<div class=\"siteorigin-widget-tinymce textwidget\">\n\t<h3>Modulo de Obst\u00e1culos T\u00e9cnicos al Comercio<\/h3>\n<ul class=\"list-unstyled list-videos\">\n<li><a href=\"https:\/\/youtu.be\/6qYoEz6xD0U\" target=\"_blank\">Obstaculos t\u00e9cnicos al Comercio <\/a><\/li>\n<\/ul>\n<\/div>\n<\/div><\/div><\/div><\/div><div id=\"pg-497-3\"  class=\"panel-grid panel-no-style\" ><div id=\"pgc-497-3-0\"  class=\"panel-grid-cell\" ><div id=\"panel-497-3-0-0\" class=\"so-panel widget widget_sow-editor panel-first-child panel-last-child\" data-index=\"6\" ><div class=\"so-widget-sow-editor so-widget-sow-editor-base\">\n<div class=\"siteorigin-widget-tinymce textwidget\">\n\t<h3>Modulo Comercio y Desarrollo Sostenible<\/h3>\n<ul class=\"list-unstyled list-videos\">\n<li><a href=\"https:\/\/youtu.be\/hRJnn3bsags\" target=\"_blank\">Comercio y Desarrollo Sostenible<\/a><\/li>\n<\/ul>\n<\/div>\n<\/div><\/div><\/div><div id=\"pgc-497-3-1\"  class=\"panel-grid-cell\" ><div id=\"panel-497-3-1-0\" class=\"so-panel widget widget_sow-editor panel-first-child panel-last-child\" data-index=\"7\" ><div class=\"so-widget-sow-editor so-widget-sow-editor-base\">\n<div class=\"siteorigin-widget-tinymce textwidget\">\n\t<h3>Modulo Establecimiento, Comercio de Servicios y Comercio Electr\u00f3nico<\/h3>\n<ul class=\"list-unstyled list-videos\">\n<li><a href=\"#\" target=\"_blank\">-<\/a><\/li>\n<\/ul>\n<\/div>\n<\/div><\/div><\/div><\/div><div id=\"pg-497-4\"  class=\"panel-grid panel-no-style\" ><div id=\"pgc-497-4-0\"  class=\"panel-grid-cell\" ><div id=\"panel-497-4-0-0\" class=\"so-panel widget widget_sow-editor panel-first-child panel-last-child\" data-index=\"8\" ><div class=\"so-widget-sow-editor so-widget-sow-editor-base\">\n<div class=\"siteorigin-widget-tinymce textwidget\">\n\t<h3>Modulo Propiedad Intelectual<\/h3>\n<ul class=\"list-unstyled list-videos\">\n<li><a href=\"https:\/\/youtu.be\/RtDbY7gRDs8\" target=\"_blank\">Propiedad Intelectual <\/a><\/li>\n<\/ul>\n<\/div>\n<\/div><\/div><\/div><div id=\"pgc-497-4-1\"  class=\"panel-grid-cell\" ><div id=\"panel-497-4-1-0\" class=\"so-panel widget widget_sow-editor panel-first-child panel-last-child\" data-index=\"9\" ><div class=\"so-widget-sow-editor so-widget-sow-editor-base\">\n<div class=\"siteorigin-widget-tinymce textwidget\">\n\t<h3>Modulo Asuntos Institucionales<\/h3>\n<ul class=\"list-unstyled list-videos\">\n<li><a href=\"https:\/\/youtu.be\/I-oTXh0fEQc\" target=\"_blank\">Marco Institucional<\/a><\/li>\n<\/ul>\n<\/div>\n<\/div><\/div><\/div><\/div><div id=\"pg-497-5\"  class=\"panel-grid panel-no-style\" ><div id=\"pgc-497-5-0\"  class=\"panel-grid-cell panel-grid-cell-mobile-last\" ><div id=\"panel-497-5-0-0\" class=\"so-panel widget widget_sow-editor panel-first-child panel-last-child\" data-index=\"10\" ><div class=\"so-widget-sow-editor so-widget-sow-editor-base\">\n<div class=\"siteorigin-widget-tinymce textwidget\">\n\t<h3>Modulo Soluci\u00f3n de Controversias<\/h3>\n<ul class=\"list-unstyled list-videos\">\n<li><a href=\"https:\/\/youtu.be\/kCqT_6p1WN0\" target=\"_blank\">Mecanismo de mediaci\u00f3n BNA<\/a><\/li>\n<\/ul>\n<\/div>\n<\/div><\/div><\/div><div id=\"pgc-497-5-1\"  class=\"panel-grid-cell panel-grid-cell-empty\" ><\/div><\/div><\/div>","protected":false},"excerpt":{"rendered":"<p>Modulo de acceso a mercadosResultados en materia de acceso a mercadosEliminaci\u00f3n de arancelesReglamento CA de Administraci\u00f3n de Contingentes Regionales Parte I Reglamento CA de Administraci\u00f3n de Contingentes Regionales Parte II Modulo de Normas de Origen Tipos de acumulaci\u00f3n de origen Acumulaci\u00f3n de origen Interpretaci\u00f3n de normas de origen Interpretaci\u00f3n de normas origen espec\u00edficas Pruebas de [&hellip;]<\/p>\n","protected":false},"author":1,"featured_media":0,"parent":54,"menu_order":0,"comment_status":"closed","ping_status":"closed","template":"page-treaty","meta":{"footnotes":""},"class_list":["post-497","page","type-page","status-publish","hentry"],"_links":{"self":[{"href":"https:\/\/infotrade.economia.gob.sv\/ue\/wp-json\/wp\/v2\/pages\/497","targetHints":{"allow":["GET"]}}],"collection":[{"href":"https:\/\/infotrade.economia.gob.sv\/ue\/wp-json\/wp\/v2\/pages"}],"about":[{"href":"https:\/\/infotrade.economia.gob.sv\/ue\/wp-json\/wp\/v2\/types\/page"}],"author":[{"embeddable":true,"href":"https:\/\/infotrade.economia.gob.sv\/ue\/wp-json\/wp\/v2\/users\/1"}],"replies":[{"embeddable":true,"href":"https:\/\/infotrade.economia.gob.sv\/ue\/wp-json\/wp\/v2\/comments?post=497"}],"version-history":[{"count":23,"href":"https:\/\/infotrade.economia.gob.sv\/ue\/wp-json\/wp\/v2\/pages\/497\/revisions"}],"predecessor-version":[{"id":874,"href":"https:\/\/infotrade.economia.gob.sv\/ue\/wp-json\/wp\/v2\/pages\/497\/revisions\/874"}],"up":[{"embeddable":true,"href":"https:\/\/infotrade.economia.gob.sv\/ue\/wp-json\/wp\/v2\/pages\/54"}],"wp:attachment":[{"href":"https:\/\/infotrade.economia.gob.sv\/ue\/wp-json\/wp\/v2\/media?parent=497"}],"curies":[{"name":"wp","href":"https:\/\/api.w.org\/{rel}","templated":true}]}}