{"id":514,"date":"2015-06-18T14:40:59","date_gmt":"2015-06-18T20:40:59","guid":{"rendered":"http:\/\/www.minec.gob.sv\/comercioexterior\/ue\/?page_id=514"},"modified":"2016-07-05T14:46:06","modified_gmt":"2016-07-05T20:46:06","slug":"guia-para-pymes","status":"publish","type":"page","link":"https:\/\/infotrade.economia.gob.sv\/ue\/material-didactico\/guia-para-pymes\/","title":{"rendered":"Gu\u00eda para PYMES"},"content":{"rendered":"<div id=\"pl-514\"  class=\"panel-layout\" ><div id=\"pg-514-0\"  class=\"panel-grid panel-no-style\" ><div id=\"pgc-514-0-0\"  class=\"panel-grid-cell\" ><div id=\"panel-514-0-0-0\" class=\"so-panel widget widget_sow-image panel-first-child\" data-index=\"0\" ><div class=\"so-widget-sow-image so-widget-sow-image-default-17bc2272b535-514\">\n\n<div class=\"sow-image-container\">\n\t\t\t<a\n\t\t\thref=\"\/ue\/wp-content\/uploads\/sites\/2\/guia-utilizacion-y-aprovechamiento-del-ada.pdf\"\n\t\t\ttarget=\"_blank\" rel=\"noopener noreferrer\" \t\t>\n\t\t\t<img decoding=\"async\" src=\"https:\/\/infotrade.economia.gob.sv\/ue\/wp-content\/uploads\/sites\/2\/guia_aprovechamiento_ada.jpg\" width=\"430\" height=\"636\" srcset=\"https:\/\/infotrade.economia.gob.sv\/ue\/wp-content\/uploads\/sites\/2\/guia_aprovechamiento_ada.jpg 430w, https:\/\/infotrade.economia.gob.sv\/ue\/wp-content\/uploads\/sites\/2\/guia_aprovechamiento_ada-203x300.jpg 203w\" sizes=\"auto, (max-width: 430px) 100vw, 430px\" alt=\"\" loading=\"lazy\" \t\tclass=\"so-widget-image\"\/>\n\t<\/a><\/div>\n\n<\/div><\/div><div id=\"panel-514-0-0-1\" class=\"so-panel widget widget_sow-editor\" data-index=\"1\" ><div class=\"so-widget-sow-editor so-widget-sow-editor-base\">\n<div class=\"siteorigin-widget-tinymce textwidget\">\n\t<h4 style=\"text-align: center;\">Gu\u00eda para la Utilizaci\u00f3n y el Aprovechamiento del Acuerdo de Asociaci\u00f3n entre Centroam\u00e9rica y la Uni\u00f3n Europe<\/h4>\n<\/div>\n<\/div><\/div><div id=\"panel-514-0-0-2\" class=\"so-panel widget widget_sow-button panel-last-child\" data-index=\"2\" ><div class=\"panel-widget-style panel-widget-style-for-514-0-0-2\" ><div class=\"so-widget-sow-button so-widget-sow-button-flat-346ca7464784-514\"><div class=\"ow-button-base ow-button-align-center\">\n\t<a href=\"\/ue\/wp-content\/uploads\/sites\/2\/guia-utilizacion-y-aprovechamiento-del-ada.pdf\" class=\"ow-icon-placement-left ow-button-hover\" target=\"_blank\" rel=\"noopener noreferrer\" \t\t>\n\t\t<span>\n\t\t\t<span class=\"sow-icon-fontawesome sow-fas\" data-sow-icon=\"&#xf101;\"\n\t\t ><\/span>\n\t\t\tConsultar\t\t<\/span>\n\t<\/a>\n<\/div>\n<\/div><\/div><\/div><\/div><\/div><\/div>","protected":false},"excerpt":{"rendered":"<p>Gu\u00eda para la Utilizaci\u00f3n y el Aprovechamiento del Acuerdo de Asociaci\u00f3n entre Centroam\u00e9rica y la Uni\u00f3n Europe<\/p>\n","protected":false},"author":1,"featured_media":0,"parent":54,"menu_order":0,"comment_status":"closed","ping_status":"closed","template":"page-treaty","meta":{"footnotes":""},"class_list":["post-514","page","type-page","status-publish","hentry"],"_links":{"self":[{"href":"https:\/\/infotrade.economia.gob.sv\/ue\/wp-json\/wp\/v2\/pages\/514","targetHints":{"allow":["GET"]}}],"collection":[{"href":"https:\/\/infotrade.economia.gob.sv\/ue\/wp-json\/wp\/v2\/pages"}],"about":[{"href":"https:\/\/infotrade.economia.gob.sv\/ue\/wp-json\/wp\/v2\/types\/page"}],"author":[{"embeddable":true,"href":"https:\/\/infotrade.economia.gob.sv\/ue\/wp-json\/wp\/v2\/users\/1"}],"replies":[{"embeddable":true,"href":"https:\/\/infotrade.economia.gob.sv\/ue\/wp-json\/wp\/v2\/comments?post=514"}],"version-history":[{"count":9,"href":"https:\/\/infotrade.economia.gob.sv\/ue\/wp-json\/wp\/v2\/pages\/514\/revisions"}],"predecessor-version":[{"id":593,"href":"https:\/\/infotrade.economia.gob.sv\/ue\/wp-json\/wp\/v2\/pages\/514\/revisions\/593"}],"up":[{"embeddable":true,"href":"https:\/\/infotrade.economia.gob.sv\/ue\/wp-json\/wp\/v2\/pages\/54"}],"wp:attachment":[{"href":"https:\/\/infotrade.economia.gob.sv\/ue\/wp-json\/wp\/v2\/media?parent=514"}],"curies":[{"name":"wp","href":"https:\/\/api.w.org\/{rel}","templated":true}]}}