{"id":60,"date":"2015-03-20T08:37:51","date_gmt":"2015-03-20T14:37:51","guid":{"rendered":"http:\/\/www.minec.gob.sv\/comercioexterior\/ue\/?page_id=60"},"modified":"2018-05-14T15:47:42","modified_gmt":"2018-05-14T21:47:42","slug":"como-exportar-servicios","status":"publish","type":"page","link":"https:\/\/infotrade.economia.gob.sv\/ue\/como-exportar-servicios\/","title":{"rendered":"C\u00f3mo Exportar Servicios"},"content":{"rendered":"<h2>Condiciones de acceso que usted debe conocer para poder exportar servicios<\/h2>\n<p>Los servicios, constituyen un insumo importante tanto para productores, comerciantes y consumidores. Se encuentran presente en pr\u00e1cticamente todas las actividades comerciales, siendo facilitadores para el comercio de bienes y para el desarrollo de otros servicios, elevando la calidad de vida de las personas.<\/p>\n<p>Hay sectores de servicios que contribuyen directamente a la competitividad de los productores de mercanc\u00edas del pa\u00eds, como los servicios infraestructurales que proporcionan insumos directos como las telecomunicaciones, el transporte, la energ\u00eda, la banca, los seguros, la distribuci\u00f3n.<\/p>\n<p>Tambi\u00e9n, hay sectores de servicios cuya calidad y relaci\u00f3n costo-eficacia es de particular inter\u00e9s para los posibles inversionistas. Estos pueden ser: servicios comerciales como los servicios de contabilidad, los servicios de consultores en gesti\u00f3n y los servicios jur\u00eddicos. Adem\u00e1s, servicios que aumentan la calidad y eficacia de la mano de obra, por ejemplo la educaci\u00f3n y la salud.<\/p>\n<p>Las exportaciones de servicios constituyen una fuente importante de divisas y contribuyen a la expansi\u00f3n econ\u00f3mica general, adem\u00e1s pueden contribuir a contener la migraci\u00f3n desde las regiones menos desarrolladas y a crear una base de crecimiento auto sostenido.<\/p>\n<p>Para que un prestador de servicios pueda penetrar en mercados internacionales, debe informarse sobre las condiciones de ingreso del pa\u00eds al que desea exportar. Para esto, debe respetar las normas de calidad vigentes y las preferencias sociales de dicho pa\u00eds; as\u00ed como las licencias, requisitos y prescripciones de certificaci\u00f3n o las obligaciones de acceso a mercados.<\/p>\n<p>En el presente Portal relativo al Acuerdo de Asociaci\u00f3n entre Centroam\u00e9rica y la Uni\u00f3n Europea, se tendr\u00e1 un contenido que le ayude a conocer mejor el marco normativo que regula los servicios que est\u00e1n cubiertos por dicho Acuerdo; as\u00ed como ejemplos que le ayuden a ubicar el servicio de su inter\u00e9s y las condiciones de acceso que tiene en la Uni\u00f3n Europea.<\/p>\n<p>Los documentos que encontrar\u00e1 son: \u201cfichas explicativas de listas de compromisos del Acuerdo de Asociaci\u00f3n\u201d, que contiene:<\/p>\n<p>Ejemplos ilustrativos, que sirvan de gu\u00eda para interpretar las reglas que le aplican al servicio de su inter\u00e9s, en donde se ha buscado simplificar el lenguaje t\u00e9cnico que se ha relacionado en las Listas de Compromiso del Acuerdo de Asociaci\u00f3n. Los ejemplos que se han elaborado, se basan en la forma en que un compromiso puede darse: pleno, con limitaciones o cuando no hay compromiso. Encontrar\u00e1 los siguientes:<\/p>\n<p>Ejemplo 1: \u201cCompromiso Pleno\u201d. Servicios de Inform\u00e1tica y Servicios Conexos;<br \/>\nEjemplo 2: \u201cCompromiso con Limitaciones\u201d. Servicios de Transporte;<br \/>\nEjemplo 3: \u201cNo hay Compromiso\u201d. Servicios de Consultor\u00eda en Administraci\u00f3n.<\/p>\n<p>Cada uno de los ejemplos, constituye un servicio en particular tal cual est\u00e1 relacionado en una Lista con un desglose de c\u00f3mo debe leerse el compromiso hecho por un pa\u00eds de la Uni\u00f3n Europea sobre dicho servicio en un caso hipot\u00e9tico. En cada ejemplo, encontrar\u00e1 una breve explicaci\u00f3n cada palabra, abreviatura, c\u00f3digo, clasificaci\u00f3n y descripci\u00f3n t\u00e9cnica de dicho servicio.<\/p>\n<p>Tambi\u00e9n encontrar\u00e1 \u201cfichas t\u00e9cnicas de servicios\u201d que se han elaborado \u00fanicamente en algunos servicios considerados estrat\u00e9gicos, cuyo contenido es el siguiente: introducci\u00f3n, descripci\u00f3n del servicio, enfoque seg\u00fan el modo de prestaci\u00f3n del servicio, compromisos horizontales, compromisos espec\u00edficos de El Salvador y cada pa\u00eds de la Uni\u00f3n Europea.<\/p>\n<p>Fichas t\u00e9cnicas de servicios:<\/p>\n<ul>\n<li><a title=\"Servicios M\u00e9dicos\" href=\"\/ue\/servicios-medicos\/\" target=\"_blank\" rel=\"noopener\">SERVICIOS MEDICOS<\/a><\/li>\n<li><a href=\"\/ue\/como-exportar-servicios\/reparacion-de-aeronaves\/\" target=\"_blank\" rel=\"noopener\">SERVICIOS DE REPARACI\u00d3N DE AERONAVES<\/a><\/li>\n<li><a href=\"\/ue\/como-exportar-servicios\/turismo\/\" target=\"_blank\" rel=\"noopener\">SERVICIOS DE TURISMO<\/a><\/li>\n<li><a href=\"http:\/\/infotrade.economia.gob.sv\/wp-content\/uploads\/servicios-empresariales-tecnologias-de-la-informacion.pdf\" target=\"_blank\" rel=\"noopener\">SERVICIOS EMPRESARIALES &#8211; TICs<\/a><\/li>\n<li><a href=\"\/ue\/wp-content\/uploads\/sites\/2\/Gu\u00eda-explicativa-de-las-listas-de-compromisos.pdf\" target=\"_blank\" rel=\"noopener\">GU\u00cdA EXPLICATIVA DE LA LISTA DE COMPROMISOS<\/a><\/li>\n<\/ul>\n","protected":false},"excerpt":{"rendered":"<p>Condiciones de acceso que usted debe conocer para poder exportar servicios Los servicios, constituyen un insumo importante tanto para productores, comerciantes y consumidores. Se encuentran presente en pr\u00e1cticamente todas las actividades comerciales, siendo facilitadores para el comercio de bienes y para el desarrollo de otros servicios, elevando la calidad de vida de las personas. Hay [&hellip;]<\/p>\n","protected":false},"author":1,"featured_media":0,"parent":0,"menu_order":0,"comment_status":"closed","ping_status":"closed","template":"page-treaty","meta":{"footnotes":""},"class_list":["post-60","page","type-page","status-publish","hentry"],"_links":{"self":[{"href":"https:\/\/infotrade.economia.gob.sv\/ue\/wp-json\/wp\/v2\/pages\/60","targetHints":{"allow":["GET"]}}],"collection":[{"href":"https:\/\/infotrade.economia.gob.sv\/ue\/wp-json\/wp\/v2\/pages"}],"about":[{"href":"https:\/\/infotrade.economia.gob.sv\/ue\/wp-json\/wp\/v2\/types\/page"}],"author":[{"embeddable":true,"href":"https:\/\/infotrade.economia.gob.sv\/ue\/wp-json\/wp\/v2\/users\/1"}],"replies":[{"embeddable":true,"href":"https:\/\/infotrade.economia.gob.sv\/ue\/wp-json\/wp\/v2\/comments?post=60"}],"version-history":[{"count":13,"href":"https:\/\/infotrade.economia.gob.sv\/ue\/wp-json\/wp\/v2\/pages\/60\/revisions"}],"predecessor-version":[{"id":878,"href":"https:\/\/infotrade.economia.gob.sv\/ue\/wp-json\/wp\/v2\/pages\/60\/revisions\/878"}],"wp:attachment":[{"href":"https:\/\/infotrade.economia.gob.sv\/ue\/wp-json\/wp\/v2\/media?parent=60"}],"curies":[{"name":"wp","href":"https:\/\/api.w.org\/{rel}","templated":true}]}}