{"id":127,"date":"2020-12-23T16:04:58","date_gmt":"2020-12-23T16:04:58","guid":{"rendered":"http:\/\/infotrade.economia.gob.sv\/uk\/?page_id=127"},"modified":"2022-07-28T20:38:33","modified_gmt":"2022-07-28T20:38:33","slug":"documentos-de-origen","status":"publish","type":"page","link":"https:\/\/infotrade.economia.gob.sv\/uk\/documentos-de-origen\/","title":{"rendered":"Documentos de Origen"},"content":{"rendered":"\n<p>Conforme con lo establecido en el Art\u00edculo 14 del T\u00edtulo IV \u201cPrueba de Origen\u201d del Anexo II del Acuerdo, se establece que para solicitar las preferencias arancelarias se debe presentar en la Aduana del pa\u00eds de importaci\u00f3n:<\/p>\n\n\n\n<ul class=\"wp-block-list\"><li>Un certificado de circulaci\u00f3n de mercanc\u00edas EUR.1, el cual de acuerdo con lo establecido en el Art\u00edculo 15 del referido Anexo II, debe ser emitido por una autoridad competente, en el caso de El Salvador es el Centro de Tr\u00e1mites de Importaciones y Exportaciones (CIEX) del Banco Central de Reserva; o <\/li><li>Una declaraci\u00f3n, denominada \u201cdeclaraci\u00f3n en factura\u201d, del exportador, en una factura, nota de entrega o cualquier otro documento comercial que describa los productos en cuesti\u00f3n, que cumpla lo establecido en el Art\u00edculo 19 del Anexo II del Acuerdo.<\/li><\/ul>\n\n\n\n<p> <\/p>\n\n\n\n<div class=\"wp-block-file\"><a><a href=\"http:\/\/infotrade.economia.gob.sv\/uk\/wp-content\/uploads\/sites\/20\/2020\/12\/certificado-EUR-1.pdf\"><strong>Certificado EUR-1<\/strong><\/a><\/a><a href=\"http:\/\/infotrade.economia.gob.sv\/uk\/wp-content\/uploads\/sites\/20\/2020\/12\/certificado-EUR-1.pdf\" class=\"wp-block-file__button\" download>Descarga<\/a><\/div>\n\n\n\n<p><\/p>\n","protected":false},"excerpt":{"rendered":"<p>Conforme con lo establecido en el Art\u00edculo 14 del T\u00edtulo IV \u201cPrueba de Origen\u201d del Anexo II del Acuerdo, se establece que para solicitar las preferencias arancelarias se debe presentar en la Aduana del pa\u00eds de importaci\u00f3n: Un certificado de circulaci\u00f3n de mercanc\u00edas EUR.1, el cual de acuerdo con lo establecido en el Art\u00edculo 15 [&hellip;]<\/p>\n","protected":false},"author":22,"featured_media":0,"parent":0,"menu_order":0,"comment_status":"closed","ping_status":"closed","template":"page-treaty","meta":{"footnotes":""},"class_list":["post-127","page","type-page","status-publish","hentry"],"_links":{"self":[{"href":"https:\/\/infotrade.economia.gob.sv\/uk\/wp-json\/wp\/v2\/pages\/127","targetHints":{"allow":["GET"]}}],"collection":[{"href":"https:\/\/infotrade.economia.gob.sv\/uk\/wp-json\/wp\/v2\/pages"}],"about":[{"href":"https:\/\/infotrade.economia.gob.sv\/uk\/wp-json\/wp\/v2\/types\/page"}],"author":[{"embeddable":true,"href":"https:\/\/infotrade.economia.gob.sv\/uk\/wp-json\/wp\/v2\/users\/22"}],"replies":[{"embeddable":true,"href":"https:\/\/infotrade.economia.gob.sv\/uk\/wp-json\/wp\/v2\/comments?post=127"}],"version-history":[{"count":5,"href":"https:\/\/infotrade.economia.gob.sv\/uk\/wp-json\/wp\/v2\/pages\/127\/revisions"}],"predecessor-version":[{"id":163,"href":"https:\/\/infotrade.economia.gob.sv\/uk\/wp-json\/wp\/v2\/pages\/127\/revisions\/163"}],"wp:attachment":[{"href":"https:\/\/infotrade.economia.gob.sv\/uk\/wp-json\/wp\/v2\/media?parent=127"}],"curies":[{"name":"wp","href":"https:\/\/api.w.org\/{rel}","templated":true}]}}