{"id":31,"date":"2019-07-30T20:56:23","date_gmt":"2019-07-30T20:56:23","guid":{"rendered":"http:\/\/infotrade.economia.gob.sv\/uk\/?page_id=31"},"modified":"2019-10-17T19:01:03","modified_gmt":"2019-10-17T19:01:03","slug":"texto-del-acuerdo-en-espanol","status":"publish","type":"page","link":"https:\/\/infotrade.economia.gob.sv\/uk\/marco-normativo\/texto-del-acuerdo-en-espanol\/","title":{"rendered":"Texto del Acuerdo (en espa\u00f1ol)"},"content":{"rendered":"<p><strong>Fecha de suscripci\u00f3n: <\/strong>18 de julio de 2019<br \/>\n<strong> Fecha de ratificaci\u00f3n: <\/strong>16 de octubre de 2019<br \/>\n<strong> Fecha de publicaci\u00f3n: <\/strong>Pendiente<br \/>\n<strong> Fecha de entrada en vigencia: <\/strong>Pendiente<\/p>\n<p><a href=\"http:\/\/infotrade.economia.gob.sv\/uk\/wp-content\/uploads\/sites\/20\/2019\/07\/Acuerdo-de-Asociaci\u00f3n-entre-el-Reino-Unido-y-Centroam\u00e9rica-espa\u00f1ol.pdf\" target=\"_blank\" rel=\"noopener noreferrer\"><strong><span style=\"color: #0000ff;\">Texto del Acuerdo de Asociaci\u00f3n entre Centroam\u00e9rica y el Reino Unido<\/span><\/strong><\/a><\/p>\n","protected":false},"excerpt":{"rendered":"<p>Fecha de suscripci\u00f3n: 18 de julio de 2019 Fecha de ratificaci\u00f3n: 16 de octubre de 2019 Fecha de publicaci\u00f3n: Pendiente Fecha de entrada en vigencia: Pendiente Texto del Acuerdo de Asociaci\u00f3n entre Centroam\u00e9rica y el Reino Unido<\/p>\n","protected":false},"author":20,"featured_media":0,"parent":10,"menu_order":0,"comment_status":"closed","ping_status":"closed","template":"page-treaty","meta":{"footnotes":""},"class_list":["post-31","page","type-page","status-publish","hentry"],"_links":{"self":[{"href":"https:\/\/infotrade.economia.gob.sv\/uk\/wp-json\/wp\/v2\/pages\/31","targetHints":{"allow":["GET"]}}],"collection":[{"href":"https:\/\/infotrade.economia.gob.sv\/uk\/wp-json\/wp\/v2\/pages"}],"about":[{"href":"https:\/\/infotrade.economia.gob.sv\/uk\/wp-json\/wp\/v2\/types\/page"}],"author":[{"embeddable":true,"href":"https:\/\/infotrade.economia.gob.sv\/uk\/wp-json\/wp\/v2\/users\/20"}],"replies":[{"embeddable":true,"href":"https:\/\/infotrade.economia.gob.sv\/uk\/wp-json\/wp\/v2\/comments?post=31"}],"version-history":[{"count":5,"href":"https:\/\/infotrade.economia.gob.sv\/uk\/wp-json\/wp\/v2\/pages\/31\/revisions"}],"predecessor-version":[{"id":62,"href":"https:\/\/infotrade.economia.gob.sv\/uk\/wp-json\/wp\/v2\/pages\/31\/revisions\/62"}],"up":[{"embeddable":true,"href":"https:\/\/infotrade.economia.gob.sv\/uk\/wp-json\/wp\/v2\/pages\/10"}],"wp:attachment":[{"href":"https:\/\/infotrade.economia.gob.sv\/uk\/wp-json\/wp\/v2\/media?parent=31"}],"curies":[{"name":"wp","href":"https:\/\/api.w.org\/{rel}","templated":true}]}}