{"id":38,"date":"2019-07-30T21:00:04","date_gmt":"2019-07-30T21:00:04","guid":{"rendered":"http:\/\/infotrade.economia.gob.sv\/uk\/?page_id=38"},"modified":"2019-07-30T21:01:46","modified_gmt":"2019-07-30T21:01:46","slug":"texto-del-acuerdo-en-ingles","status":"publish","type":"page","link":"https:\/\/infotrade.economia.gob.sv\/uk\/marco-normativo\/texto-del-acuerdo-en-ingles\/","title":{"rendered":"Texto del Acuerdo (en ingl\u00e9s)"},"content":{"rendered":"<p><a href=\"http:\/\/infotrade.economia.gob.sv\/uk\/wp-content\/uploads\/sites\/20\/2019\/07\/Acuerdo-de-Asociaci\u00f3n-entre-el-Reino-Unido-y-Centroam\u00e9rica-ingl\u00e9s.pdf\" target=\"_blank\" rel=\"noopener noreferrer\"><span style=\"color: #0000ff;\"><strong>Texto del Acuerdo de Asociaci\u00f3n entre Centroam\u00e9rica y el Reino Unido (en ingl\u00e9s)<\/strong><\/span><\/a><\/p>\n\n\n<p><\/p>\n","protected":false},"excerpt":{"rendered":"<p>Texto del Acuerdo de Asociaci\u00f3n entre Centroam\u00e9rica y el Reino Unido (en ingl\u00e9s)<\/p>\n","protected":false},"author":20,"featured_media":0,"parent":10,"menu_order":2,"comment_status":"closed","ping_status":"closed","template":"page-treaty","meta":{"footnotes":""},"class_list":["post-38","page","type-page","status-publish","hentry"],"_links":{"self":[{"href":"https:\/\/infotrade.economia.gob.sv\/uk\/wp-json\/wp\/v2\/pages\/38","targetHints":{"allow":["GET"]}}],"collection":[{"href":"https:\/\/infotrade.economia.gob.sv\/uk\/wp-json\/wp\/v2\/pages"}],"about":[{"href":"https:\/\/infotrade.economia.gob.sv\/uk\/wp-json\/wp\/v2\/types\/page"}],"author":[{"embeddable":true,"href":"https:\/\/infotrade.economia.gob.sv\/uk\/wp-json\/wp\/v2\/users\/20"}],"replies":[{"embeddable":true,"href":"https:\/\/infotrade.economia.gob.sv\/uk\/wp-json\/wp\/v2\/comments?post=38"}],"version-history":[{"count":2,"href":"https:\/\/infotrade.economia.gob.sv\/uk\/wp-json\/wp\/v2\/pages\/38\/revisions"}],"predecessor-version":[{"id":44,"href":"https:\/\/infotrade.economia.gob.sv\/uk\/wp-json\/wp\/v2\/pages\/38\/revisions\/44"}],"up":[{"embeddable":true,"href":"https:\/\/infotrade.economia.gob.sv\/uk\/wp-json\/wp\/v2\/pages\/10"}],"wp:attachment":[{"href":"https:\/\/infotrade.economia.gob.sv\/uk\/wp-json\/wp\/v2\/media?parent=38"}],"curies":[{"name":"wp","href":"https:\/\/api.w.org\/{rel}","templated":true}]}}