{"id":96,"date":"2020-12-23T14:40:10","date_gmt":"2020-12-23T14:40:10","guid":{"rendered":"http:\/\/infotrade.economia.gob.sv\/uk\/?page_id=96"},"modified":"2023-11-30T19:47:02","modified_gmt":"2023-11-30T19:47:02","slug":"listado-de-productos-de-contingentes","status":"publish","type":"page","link":"https:\/\/infotrade.economia.gob.sv\/uk\/listado-de-productos-de-contingentes\/","title":{"rendered":"Contingentes Arancelarios ADA CA-UK"},"content":{"rendered":"\n<p><\/p>\n\n\n<div class=\"table-responsive\">\n<table class=\"table table-bordered table-striped table-hover\" style=\"height: 276px;\" width=\"840\">\n<tbody>\n<tr>\n<th width=\"80%\">Documento<\/th>\n<th width=\"20%\">\u00a0<\/th>\n<\/tr>\n<tr>\n<td>Convocatoria para Contingentes 2024<\/td>\n<td><a href=\"http:\/\/infotrade.economia.gob.sv\/uk\/wp-content\/uploads\/sites\/20\/2023\/11\/Convocatoria-contingentes-arancelarios-2024.pdf\" target=\"_blank\" rel=\"noopener\">descargar<\/a><\/td>\n<\/tr>\n<tr>\n<td>Convocatoria para Contingentes 2023<\/td>\n<td><a href=\"http:\/\/infotrade.economia.gob.sv\/cafta\/wp-content\/uploads\/sites\/3\/Publicacion-convocatoria-contingentes-2023.pdf\" target=\"_blank\" rel=\"noopener\">descargar<\/a><\/td>\n<\/tr>\n<tr>\n<td>Listado de productos de contingentes<\/td>\n<td><a href=\"http:\/\/infotrade.economia.gob.sv\/uk\/wp-content\/uploads\/sites\/20\/2020\/12\/listado-de-productos-de-contingentes-revf-4.pdf\" target=\"_blank\" rel=\"noopener noreferrer\">descargar<\/a><\/td>\n<\/tr>\n<tr>\n<td>Convocatoria para Contingentes 2022<\/td>\n<td><a href=\"http:\/\/infotrade.economia.gob.sv\/uk\/wp-content\/uploads\/sites\/20\/2021\/11\/Publicacion-convocatoria-contingentes-2022.pdf\" target=\"_blank\" rel=\"noopener\">descargar<\/a><\/td>\n<\/tr>\n<tr>\n<td>Convocatoria para Contingentes 2021<\/td>\n<td><a href=\"http:\/\/infotrade.economia.gob.sv\/uk\/wp-content\/uploads\/sites\/20\/2021\/03\/Publicacion-contingentes-RU-05.03.21.png\" target=\"_blank\" rel=\"noopener\">descargar<\/a><\/td>\n<\/tr>\n<tr>\n<td>Presentaci\u00f3n-Gu\u00eda del Sistema de Gesti\u00f3n de Solicitudes de Cuotas de Contingentes Arancelarios de Importaci\u00f3n<\/td>\n<td><a href=\"http:\/\/infotrade.economia.gob.sv\/uk\/wp-content\/uploads\/sites\/20\/2023\/11\/Guia-registro-de-solicitudes-contingentes-arancelarios-2024.pdf\" target=\"_blank\" rel=\"noopener\">descargar<\/a><\/td>\n<\/tr>\n<tr>\n<td>Decreto 48. Reglamento para la administraci\u00f3n de contingentes arancelarios de exportaci\u00f3n del Acuerdo de Asociaci\u00f3n con Reino Unido<\/td>\n<td><a href=\"http:\/\/infotrade.economia.gob.sv\/uk\/wp-content\/uploads\/sites\/20\/2021\/03\/Decreto-No-48.-Reglamento-para-la-Administracion-de-Contingentes-de-Exportacion-con-Reino-Unido.pdf\" target=\"_blank\" rel=\"noopener\">descargar<\/a><\/td>\n<\/tr>\n<tr>\n<td>Decreto 49. Reglamento para la administraci\u00f3n de contingentes arancelarios de importaci\u00f3n del Acuerdo de Asociaci\u00f3n con Reino Unido<\/td>\n<td><a href=\"http:\/\/infotrade.economia.gob.sv\/uk\/wp-content\/uploads\/sites\/20\/2021\/03\/Decreto-No-49.-Reglamento-para-la-Administracion-de-Contingentes-de-Importacion-con-Reino-Unido.pdf\" target=\"_blank\" rel=\"noopener\">descargar<\/a><\/td>\n<\/tr>\n<tr>\n<td>Formato de Declaraci\u00f3n Jurada<\/td>\n<td><a href=\"http:\/\/infotrade.economia.gob.sv\/cafta\/wp-content\/uploads\/sites\/3\/Formato-Declaracion-Jurada-1.docx\" target=\"_blank\" rel=\"noopener\">descargar<\/a><\/td>\n<\/tr>\n<tr>\n<td>Formato de solicitud de licencia de contingente de importaci\u00f3n ADA-UK<\/td>\n<td><a href=\"http:\/\/infotrade.economia.gob.sv\/uk\/wp-content\/uploads\/sites\/20\/2023\/02\/Formato-solicitud-CONTINGENTES-ADA.doc\" target=\"_blank\" rel=\"noopener\">descargar<\/a><\/td>\n<\/tr>\n<\/tbody>\n<\/table>\n<\/div>","protected":false},"excerpt":{"rendered":"<p>Documento \u00a0 Convocatoria para Contingentes 2024 descargar Convocatoria para Contingentes 2023 descargar Listado de productos de contingentes descargar Convocatoria para Contingentes 2022 descargar Convocatoria para Contingentes 2021 descargar Presentaci\u00f3n-Gu\u00eda del Sistema de Gesti\u00f3n de Solicitudes de Cuotas de Contingentes Arancelarios de Importaci\u00f3n descargar Decreto 48. Reglamento para la administraci\u00f3n de contingentes arancelarios de exportaci\u00f3n del [&hellip;]<\/p>\n","protected":false},"author":22,"featured_media":0,"parent":0,"menu_order":0,"comment_status":"closed","ping_status":"closed","template":"page-treaty","meta":{"footnotes":""},"class_list":["post-96","page","type-page","status-publish","hentry"],"_links":{"self":[{"href":"https:\/\/infotrade.economia.gob.sv\/uk\/wp-json\/wp\/v2\/pages\/96","targetHints":{"allow":["GET"]}}],"collection":[{"href":"https:\/\/infotrade.economia.gob.sv\/uk\/wp-json\/wp\/v2\/pages"}],"about":[{"href":"https:\/\/infotrade.economia.gob.sv\/uk\/wp-json\/wp\/v2\/types\/page"}],"author":[{"embeddable":true,"href":"https:\/\/infotrade.economia.gob.sv\/uk\/wp-json\/wp\/v2\/users\/22"}],"replies":[{"embeddable":true,"href":"https:\/\/infotrade.economia.gob.sv\/uk\/wp-json\/wp\/v2\/comments?post=96"}],"version-history":[{"count":18,"href":"https:\/\/infotrade.economia.gob.sv\/uk\/wp-json\/wp\/v2\/pages\/96\/revisions"}],"predecessor-version":[{"id":191,"href":"https:\/\/infotrade.economia.gob.sv\/uk\/wp-json\/wp\/v2\/pages\/96\/revisions\/191"}],"wp:attachment":[{"href":"https:\/\/infotrade.economia.gob.sv\/uk\/wp-json\/wp\/v2\/media?parent=96"}],"curies":[{"name":"wp","href":"https:\/\/api.w.org\/{rel}","templated":true}]}}